{"id":7598,"date":"2021-10-20T22:47:20","date_gmt":"2021-10-20T20:47:20","guid":{"rendered":"https:\/\/eterle.cz\/eshop\/produkt\/sada-melkych-taliru-bavaria\/"},"modified":"2025-02-16T03:04:36","modified_gmt":"2025-02-16T02:04:36","slug":"sada-melkych-taliru-bavaria","status":"publish","type":"product","link":"https:\/\/eterle.cz\/eshop\/produkt\/sada-melkych-taliru-bavaria\/","title":{"rendered":"Sada m\u011blk\u00fdch tal\u00ed\u0159\u016f \/ Bavaria"},"content":{"rendered":"<p>Sada 6 m\u011blk\u00fdch tal\u00ed\u0159\u016f se zlat\u00fdm prou\u017ekem p\u016fsob\u00ed n\u011b\u017en\u011b a slavnostn\u011b z\u00e1rove\u0148. Jejich eleganci m\u016f\u017eete podtrhnout a nebo utlumit dle vybran\u00fdch dopl\u0148k\u016f. Slu\u0161et jim to bude p\u0159i sv\u00e1te\u010dn\u00ed ve\u010de\u0159i na dama\u0161kov\u00e9m ubrusu se zlat\u00fdmi p\u0159\u00edbory, ale i u ob\u011bda s lu\u010dn\u00edm kv\u00edt\u00edm.<\/p>\n<p>Stav: velmi dobr\u00fd, m\u00edsty lehce set\u0159en\u00fd zlat\u00fd prou\u017eek a drobn\u00e9 \u0161kr\u00e1bance<br \/>\nZna\u010dka: Bavaria<br \/>\nPr\u016fm\u011br: 24 cm<br \/>\nJeden tal\u00ed\u0159 vych\u00e1z\u00ed 120,- K\u010d (prod\u00e1v\u00e1me jako sadu)<\/p>\n","protected":false},"excerpt":{"rendered":"<p>Sada 6 m\u011blk\u00fdch tal\u00ed\u0159\u016f se zlat\u00fdm prou\u017ekem p\u016fsob\u00ed n\u011b\u017en\u011b a slavnostn\u011b z\u00e1rove\u0148. Jejich eleganci m\u016f\u017eete podtrhnout a nebo utlumit dle<\/p>\n","protected":false},"featured_media":7599,"template":"","meta":[],"product_brand":[153],"product_cat":[91],"product_tag":[],"class_list":{"0":"post-7598","1":"product","2":"type-product","3":"status-publish","4":"has-post-thumbnail","6":"product_brand-eterle-cz","7":"product_cat-prodane","9":"first","10":"outofstock","11":"purchasable","12":"product-type-simple"},"_links":{"self":[{"href":"https:\/\/eterle.cz\/eshop\/wp-json\/wp\/v2\/product\/7598","targetHints":{"allow":["GET"]}}],"collection":[{"href":"https:\/\/eterle.cz\/eshop\/wp-json\/wp\/v2\/product"}],"about":[{"href":"https:\/\/eterle.cz\/eshop\/wp-json\/wp\/v2\/types\/product"}],"version-history":[{"count":0,"href":"https:\/\/eterle.cz\/eshop\/wp-json\/wp\/v2\/product\/7598\/revisions"}],"wp:featuredmedia":[{"embeddable":true,"href":"https:\/\/eterle.cz\/eshop\/wp-json\/wp\/v2\/media\/7599"}],"wp:attachment":[{"href":"https:\/\/eterle.cz\/eshop\/wp-json\/wp\/v2\/media?parent=7598"}],"wp:term":[{"taxonomy":"product_brand","embeddable":true,"href":"https:\/\/eterle.cz\/eshop\/wp-json\/wp\/v2\/product_brand?post=7598"},{"taxonomy":"product_cat","embeddable":true,"href":"https:\/\/eterle.cz\/eshop\/wp-json\/wp\/v2\/product_cat?post=7598"},{"taxonomy":"product_tag","embeddable":true,"href":"https:\/\/eterle.cz\/eshop\/wp-json\/wp\/v2\/product_tag?post=7598"}],"curies":[{"name":"wp","href":"https:\/\/api.w.org\/{rel}","templated":true}]}}