{"id":7637,"date":"2021-10-20T22:50:43","date_gmt":"2021-10-20T20:50:43","guid":{"rendered":"https:\/\/eterle.cz\/eshop\/produkt\/ovalna-misa-epiag-czechoslovakia\/"},"modified":"2026-01-01T19:20:13","modified_gmt":"2026-01-01T18:20:13","slug":"ovalna-misa-epiag-czechoslovakia","status":"publish","type":"product","link":"https:\/\/eterle.cz\/eshop\/produkt\/ovalna-misa-epiag-czechoslovakia\/","title":{"rendered":"Ov\u00e1ln\u00e1 m\u00edsa \/ Epiag Czechoslovakia"},"content":{"rendered":"<p>Ov\u00e1ln\u00e1 m\u00edsa ze siln\u011bj\u0161\u00edho st\u0159epu je ve vintage stavu s drobn\u00fdmi nedostatky. Na kr\u00e1se j\u00ed to ale neub\u00edr\u00e1. Reli\u00e9fn\u00ed lem je zdoben je\u0161t\u011b zlato \u010dernou linkou s drobou\u010dk\u00fdm vzore\u010dkem p\u0159ipom\u00ednaj\u00edc\u00edm exotick\u00e9 ovoce. Jej\u00ed tvar a veliksot je vhodn\u00fd na jak\u00e9koliv serv\u00edrov\u00e1n\u00ed. Neud\u011bl\u00e1te chybu s \u0159\u00edzky, chleb\u00ed\u010dky ani s v\u00e1no\u010dn\u00edm cukrov\u00edm.<\/p>\n<p>Stav: patina (zlat\u00fd prou\u017eek je m\u00edsty set\u0159en\u00fd), dva o\u0165uky u horn\u00edho lemu, jeden viditeln\u00fd hlavn\u011b zespoda.<br \/>\nZna\u010dka: Epiag<br \/>\nRozm\u011br<br \/>\nD\u00e9lka: 39,5 cm<br \/>\n\u0160\u00e9\u0159ka: 26 cm<\/p>\n","protected":false},"excerpt":{"rendered":"<p>Ov\u00e1ln\u00e1 m\u00edsa ze siln\u011bj\u0161\u00edho st\u0159epu je ve vintage stavu s drobn\u00fdmi nedostatky. Na kr\u00e1se j\u00ed to ale neub\u00edr\u00e1. Reli\u00e9fn\u00ed lem<\/p>\n","protected":false},"featured_media":7638,"template":"","meta":[],"product_brand":[153],"product_cat":[76,110],"product_tag":[],"class_list":{"0":"post-7637","1":"product","2":"type-product","3":"status-publish","4":"has-post-thumbnail","6":"product_brand-eterle-cz","7":"product_cat-porcelan","8":"product_cat-misy","10":"first","11":"instock","12":"purchasable","13":"product-type-simple"},"_links":{"self":[{"href":"https:\/\/eterle.cz\/eshop\/wp-json\/wp\/v2\/product\/7637","targetHints":{"allow":["GET"]}}],"collection":[{"href":"https:\/\/eterle.cz\/eshop\/wp-json\/wp\/v2\/product"}],"about":[{"href":"https:\/\/eterle.cz\/eshop\/wp-json\/wp\/v2\/types\/product"}],"version-history":[{"count":1,"href":"https:\/\/eterle.cz\/eshop\/wp-json\/wp\/v2\/product\/7637\/revisions"}],"predecessor-version":[{"id":26110,"href":"https:\/\/eterle.cz\/eshop\/wp-json\/wp\/v2\/product\/7637\/revisions\/26110"}],"wp:featuredmedia":[{"embeddable":true,"href":"https:\/\/eterle.cz\/eshop\/wp-json\/wp\/v2\/media\/7638"}],"wp:attachment":[{"href":"https:\/\/eterle.cz\/eshop\/wp-json\/wp\/v2\/media?parent=7637"}],"wp:term":[{"taxonomy":"product_brand","embeddable":true,"href":"https:\/\/eterle.cz\/eshop\/wp-json\/wp\/v2\/product_brand?post=7637"},{"taxonomy":"product_cat","embeddable":true,"href":"https:\/\/eterle.cz\/eshop\/wp-json\/wp\/v2\/product_cat?post=7637"},{"taxonomy":"product_tag","embeddable":true,"href":"https:\/\/eterle.cz\/eshop\/wp-json\/wp\/v2\/product_tag?post=7637"}],"curies":[{"name":"wp","href":"https:\/\/api.w.org\/{rel}","templated":true}]}}