{"id":7652,"date":"2021-10-20T22:51:53","date_gmt":"2021-10-20T20:51:53","guid":{"rendered":"https:\/\/eterle.cz\/eshop\/produkt\/cukrenka-s-jablickem-haas-a-czjzek\/"},"modified":"2026-03-20T10:04:04","modified_gmt":"2026-03-20T09:04:04","slug":"cukrenka-s-jablickem-haas-a-czjzek","status":"publish","type":"product","link":"https:\/\/eterle.cz\/eshop\/produkt\/cukrenka-s-jablickem-haas-a-czjzek\/","title":{"rendered":"Cuk\u0159enka s jabl\u00ed\u010dkem \/ Haas a Czjzek"},"content":{"rendered":"<p>Cuk\u0159enka z porcel\u00e1nky Haas Czjek je nezna\u010den\u00e1 nebo\u0165 byla koupena u\u017e p\u0159i likvidaci t\u00e9to firmy. V meziv\u00e1le\u010dn\u00e9m \u010ceskoslovensku pat\u0159ila porcel\u00e1nka Haas a Czjzek k nejv\u011bt\u0161\u00edm v\u00fdrobc\u016fm porcel\u00e1nu a u p\u0159\u00edle\u017eitosti 200 let od zalo\u017een\u00ed byla dokonce prohl\u00e1\u0161ena kulturn\u00ed pam\u00e1tkou. V roce 2009 ji koupil rusk\u00fd oligarch s c\u00edlem vyv\u00e1\u017eet luxusn\u00ed porcel\u00e1n do Ruska, n\u00e1sledn\u011b byla op\u011bt v \u010desk\u00fdch ruk\u00e1ch, ale v roce 2014 p\u0159i\u0161el jej\u00ed definitivn\u00ed konec. Jsme r\u00e1di, \u017ee jsme p\u00e1r kousk\u016f zachr\u00e1nili pro \u010desk\u00fd trh. Cuk\u0159enku m\u016f\u017eete doplnit o dal\u0161\u00ed produkty t\u00e9to zna\u010dky: hrne\u010dky s pod\u0161\u00e1lkem <a href=\"https:\/\/eterle.cz\/eshop\/produkt\/hrnecek-na-caj-s-podsalkem-haas-a-czjzek\/\">m\u00e9n\u011b<\/a> \u010di <a href=\"https:\/\/eterle.cz\/eshop\/produkt\/hrnecek-na-caj-s-podsalkem-haas-a-czjzek-2\/\">v\u00edce<\/a> zdoben\u00e9, <a href=\"https:\/\/eterle.cz\/eshop\/produkt\/mlekovka-banata-haas-a-czjzek\/\">ba\u0148atou<\/a> nebo <a href=\"https:\/\/eterle.cz\/eshop\/produkt\/mlekovka-vysoka-haas-a-czjzek\/\">vysokou<\/a> ml\u00e9kovku.<\/p>\n<p>Stav: perfektn\u00ed<br \/>\nZna\u010dka: Haas a Czjek nezna\u010den\u00e9<br \/>\nRozm\u011br<br \/>\nV\u00fd\u0161ka: 10 cm<br \/>\nObjem: 250 ml<\/p>\n","protected":false},"excerpt":{"rendered":"<p>Cuk\u0159enka z porcel\u00e1nky Haas Czjek je nezna\u010den\u00e1 nebo\u0165 byla koupena u\u017e p\u0159i likvidaci t\u00e9to firmy. V meziv\u00e1le\u010dn\u00e9m \u010ceskoslovensku pat\u0159ila porcel\u00e1nka<\/p>\n","protected":false},"featured_media":7653,"template":"","meta":[],"product_brand":[153],"product_cat":[76,108],"product_tag":[],"class_list":{"0":"post-7652","1":"product","2":"type-product","3":"status-publish","4":"has-post-thumbnail","6":"product_brand-eterle-cz","7":"product_cat-porcelan","8":"product_cat-cukrenky-a-mlekovky","10":"first","11":"instock","12":"purchasable","13":"product-type-simple"},"_links":{"self":[{"href":"https:\/\/eterle.cz\/eshop\/wp-json\/wp\/v2\/product\/7652","targetHints":{"allow":["GET"]}}],"collection":[{"href":"https:\/\/eterle.cz\/eshop\/wp-json\/wp\/v2\/product"}],"about":[{"href":"https:\/\/eterle.cz\/eshop\/wp-json\/wp\/v2\/types\/product"}],"version-history":[{"count":2,"href":"https:\/\/eterle.cz\/eshop\/wp-json\/wp\/v2\/product\/7652\/revisions"}],"predecessor-version":[{"id":26108,"href":"https:\/\/eterle.cz\/eshop\/wp-json\/wp\/v2\/product\/7652\/revisions\/26108"}],"wp:featuredmedia":[{"embeddable":true,"href":"https:\/\/eterle.cz\/eshop\/wp-json\/wp\/v2\/media\/7653"}],"wp:attachment":[{"href":"https:\/\/eterle.cz\/eshop\/wp-json\/wp\/v2\/media?parent=7652"}],"wp:term":[{"taxonomy":"product_brand","embeddable":true,"href":"https:\/\/eterle.cz\/eshop\/wp-json\/wp\/v2\/product_brand?post=7652"},{"taxonomy":"product_cat","embeddable":true,"href":"https:\/\/eterle.cz\/eshop\/wp-json\/wp\/v2\/product_cat?post=7652"},{"taxonomy":"product_tag","embeddable":true,"href":"https:\/\/eterle.cz\/eshop\/wp-json\/wp\/v2\/product_tag?post=7652"}],"curies":[{"name":"wp","href":"https:\/\/api.w.org\/{rel}","templated":true}]}}