{"id":7670,"date":"2021-10-20T22:53:12","date_gmt":"2021-10-20T20:53:12","guid":{"rendered":"https:\/\/eterle.cz\/eshop\/produkt\/hrnecek-na-caj-s-podsalkem-haas-a-czjzek-3\/"},"modified":"2025-06-02T21:56:50","modified_gmt":"2025-06-02T19:56:50","slug":"hrnecek-na-caj-s-podsalkem-haas-a-czjzek-3","status":"publish","type":"product","link":"https:\/\/eterle.cz\/eshop\/produkt\/hrnecek-na-caj-s-podsalkem-haas-a-czjzek-3\/","title":{"rendered":"Hrne\u010dek na \u010daj s pod\u0161\u00e1lkem \/ Haas a Czjzek"},"content":{"rendered":"<p>Hrne\u010dek na \u010daj s pod\u0161\u00e1lkem z porcel\u00e1nky Haas a Czjzek je nezna\u010den\u00fd nebo\u0165 byl koupen u\u017e p\u0159i likvidaci t\u00e9to firmy. V meziv\u00e1le\u010dn\u00e9m \u010ceskoslovensku pat\u0159ila porcel\u00e1nka Haas a Czjzek k nejv\u011bt\u0161\u00edm v\u00fdrobc\u016fm porcel\u00e1nu a u p\u0159\u00edle\u017eitosti 200 let od zalo\u017een\u00ed byla dokonce prohl\u00e1\u0161ena kulturn\u00ed pam\u00e1tkou. V roce 2009 ji koupil rusk\u00fd oligarch s c\u00edlem vyv\u00e1\u017eet luxusn\u00ed porcel\u00e1n do Ruska, n\u00e1sledn\u011b byla op\u011bt v \u010desk\u00fdch ruk\u00e1ch, ale v roce 2014 p\u0159i\u0161el jej\u00ed definitivn\u00ed konec. Jsme r\u00e1di, \u017ee jsme p\u00e1r kousk\u016f zachr\u00e1nili pro \u010desk\u00fd trh.<\/p>\n<p>Stav: perfektn\u00ed<br \/>\nZna\u010dka: Haas a Czjzek nezna\u010den\u00e9<br \/>\nRozm\u011br<br \/>\nV\u00fd\u0161ka: 6,5 cm<br \/>\nPr\u016fm\u011br: 9 cm<br \/>\nObjem: 200 ml<br \/>\nPod\u0161\u00e1lek pr\u016fm\u011br: 15,5 cm<\/p>\n","protected":false},"excerpt":{"rendered":"<p>Hrne\u010dek na \u010daj s pod\u0161\u00e1lkem z porcel\u00e1nky Haas a Czjzek je nezna\u010den\u00fd nebo\u0165 byl koupen u\u017e p\u0159i likvidaci t\u00e9to firmy.<\/p>\n","protected":false},"featured_media":7671,"template":"","meta":[],"product_brand":[153],"product_cat":[91],"product_tag":[],"class_list":{"0":"post-7670","1":"product","2":"type-product","3":"status-publish","4":"has-post-thumbnail","6":"product_brand-eterle-cz","7":"product_cat-prodane","9":"first","10":"outofstock","11":"purchasable","12":"product-type-simple"},"_links":{"self":[{"href":"https:\/\/eterle.cz\/eshop\/wp-json\/wp\/v2\/product\/7670","targetHints":{"allow":["GET"]}}],"collection":[{"href":"https:\/\/eterle.cz\/eshop\/wp-json\/wp\/v2\/product"}],"about":[{"href":"https:\/\/eterle.cz\/eshop\/wp-json\/wp\/v2\/types\/product"}],"version-history":[{"count":2,"href":"https:\/\/eterle.cz\/eshop\/wp-json\/wp\/v2\/product\/7670\/revisions"}],"predecessor-version":[{"id":24590,"href":"https:\/\/eterle.cz\/eshop\/wp-json\/wp\/v2\/product\/7670\/revisions\/24590"}],"wp:featuredmedia":[{"embeddable":true,"href":"https:\/\/eterle.cz\/eshop\/wp-json\/wp\/v2\/media\/7671"}],"wp:attachment":[{"href":"https:\/\/eterle.cz\/eshop\/wp-json\/wp\/v2\/media?parent=7670"}],"wp:term":[{"taxonomy":"product_brand","embeddable":true,"href":"https:\/\/eterle.cz\/eshop\/wp-json\/wp\/v2\/product_brand?post=7670"},{"taxonomy":"product_cat","embeddable":true,"href":"https:\/\/eterle.cz\/eshop\/wp-json\/wp\/v2\/product_cat?post=7670"},{"taxonomy":"product_tag","embeddable":true,"href":"https:\/\/eterle.cz\/eshop\/wp-json\/wp\/v2\/product_tag?post=7670"}],"curies":[{"name":"wp","href":"https:\/\/api.w.org\/{rel}","templated":true}]}}