{"id":7690,"date":"2021-10-20T22:54:38","date_gmt":"2021-10-20T20:54:38","guid":{"rendered":"https:\/\/eterle.cz\/eshop\/produkt\/sklenicka-na-sekt-styl-moser\/"},"modified":"2025-02-16T03:03:52","modified_gmt":"2025-02-16T02:03:52","slug":"sklenicka-na-sekt-styl-moser","status":"publish","type":"product","link":"https:\/\/eterle.cz\/eshop\/produkt\/sklenicka-na-sekt-styl-moser\/","title":{"rendered":"Skleni\u010dka na sekt \/ styl Moser"},"content":{"rendered":"<p>Konec roku se bl\u00ed\u017e\u00ed a s n\u00edm i n\u00e1v\u0161t\u011bvy p\u0159\u00e1tel se kter\u00fdmi si r\u00e1di p\u0159ipijete sektem. Pokud v\u00e1m je\u0161t\u011b chyb\u00ed vhodn\u00e9 skleni\u010dky, sahn\u011bte po t\u011bhto ve stylu Moser. Tak jak je zvykem u skla Moser, i tyto sklenice jsou velmi t\u011b\u017ek\u00e9.<\/p>\n<p>Stav: perfektn\u00ed<br \/>\nRozm\u011br<br \/>\nV\u00fd\u0161ka:12,5 cm<br \/>\nPr\u016fm\u011br: 9,5 cm<br \/>\nObjem: 125 ml<\/p>\n","protected":false},"excerpt":{"rendered":"<p>Konec roku se bl\u00ed\u017e\u00ed a s n\u00edm i n\u00e1v\u0161t\u011bvy p\u0159\u00e1tel se kter\u00fdmi si r\u00e1di p\u0159ipijete sektem. Pokud v\u00e1m je\u0161t\u011b chyb\u00ed<\/p>\n","protected":false},"featured_media":7691,"template":"","meta":[],"product_brand":[153],"product_cat":[91],"product_tag":[],"class_list":{"0":"post-7690","1":"product","2":"type-product","3":"status-publish","4":"has-post-thumbnail","6":"product_brand-eterle-cz","7":"product_cat-prodane","9":"first","10":"outofstock","11":"purchasable","12":"product-type-simple"},"_links":{"self":[{"href":"https:\/\/eterle.cz\/eshop\/wp-json\/wp\/v2\/product\/7690","targetHints":{"allow":["GET"]}}],"collection":[{"href":"https:\/\/eterle.cz\/eshop\/wp-json\/wp\/v2\/product"}],"about":[{"href":"https:\/\/eterle.cz\/eshop\/wp-json\/wp\/v2\/types\/product"}],"version-history":[{"count":0,"href":"https:\/\/eterle.cz\/eshop\/wp-json\/wp\/v2\/product\/7690\/revisions"}],"wp:featuredmedia":[{"embeddable":true,"href":"https:\/\/eterle.cz\/eshop\/wp-json\/wp\/v2\/media\/7691"}],"wp:attachment":[{"href":"https:\/\/eterle.cz\/eshop\/wp-json\/wp\/v2\/media?parent=7690"}],"wp:term":[{"taxonomy":"product_brand","embeddable":true,"href":"https:\/\/eterle.cz\/eshop\/wp-json\/wp\/v2\/product_brand?post=7690"},{"taxonomy":"product_cat","embeddable":true,"href":"https:\/\/eterle.cz\/eshop\/wp-json\/wp\/v2\/product_cat?post=7690"},{"taxonomy":"product_tag","embeddable":true,"href":"https:\/\/eterle.cz\/eshop\/wp-json\/wp\/v2\/product_tag?post=7690"}],"curies":[{"name":"wp","href":"https:\/\/api.w.org\/{rel}","templated":true}]}}