{"id":7694,"date":"2021-10-20T22:54:52","date_gmt":"2021-10-20T20:54:52","guid":{"rendered":"https:\/\/eterle.cz\/eshop\/produkt\/karafa-6\/"},"modified":"2025-02-16T03:03:52","modified_gmt":"2025-02-16T02:03:52","slug":"karafa-6","status":"publish","type":"product","link":"https:\/\/eterle.cz\/eshop\/produkt\/karafa-6\/","title":{"rendered":"Karafa"},"content":{"rendered":"<p>Karafa na \u010derven\u00e9 v\u00edno nebo v\u00e1no\u010dn\u00ed lik\u00e9r najde v zimn\u00edm obdob\u00ed jist\u011b sv\u00e9 uplatn\u011bn\u00ed. M\u00e1 jednoduch\u00fd elegantn\u00ed tvar a zabrou\u0161enou z\u00e1tku. Bude i kr\u00e1sn\u00fdm dol\u0148kem, pokud se n\u011bkoho chyst\u00e1te obdarovat v\u00ednem.<\/p>\n<p>Stav: perfektn\u00ed<br \/>\nRozm\u011br<br \/>\nV\u00fd\u0161ka: 28 cm<br \/>\nObjem: 850 ml<\/p>\n","protected":false},"excerpt":{"rendered":"<p>Karafa na \u010derven\u00e9 v\u00edno nebo v\u00e1no\u010dn\u00ed lik\u00e9r najde v zimn\u00edm obdob\u00ed jist\u011b sv\u00e9 uplatn\u011bn\u00ed. M\u00e1 jednoduch\u00fd elegantn\u00ed tvar a zabrou\u0161enou<\/p>\n","protected":false},"featured_media":7695,"template":"","meta":[],"product_brand":[153],"product_cat":[91],"product_tag":[],"class_list":{"0":"post-7694","1":"product","2":"type-product","3":"status-publish","4":"has-post-thumbnail","6":"product_brand-eterle-cz","7":"product_cat-prodane","9":"first","10":"outofstock","11":"purchasable","12":"product-type-simple"},"_links":{"self":[{"href":"https:\/\/eterle.cz\/eshop\/wp-json\/wp\/v2\/product\/7694","targetHints":{"allow":["GET"]}}],"collection":[{"href":"https:\/\/eterle.cz\/eshop\/wp-json\/wp\/v2\/product"}],"about":[{"href":"https:\/\/eterle.cz\/eshop\/wp-json\/wp\/v2\/types\/product"}],"version-history":[{"count":0,"href":"https:\/\/eterle.cz\/eshop\/wp-json\/wp\/v2\/product\/7694\/revisions"}],"wp:featuredmedia":[{"embeddable":true,"href":"https:\/\/eterle.cz\/eshop\/wp-json\/wp\/v2\/media\/7695"}],"wp:attachment":[{"href":"https:\/\/eterle.cz\/eshop\/wp-json\/wp\/v2\/media?parent=7694"}],"wp:term":[{"taxonomy":"product_brand","embeddable":true,"href":"https:\/\/eterle.cz\/eshop\/wp-json\/wp\/v2\/product_brand?post=7694"},{"taxonomy":"product_cat","embeddable":true,"href":"https:\/\/eterle.cz\/eshop\/wp-json\/wp\/v2\/product_cat?post=7694"},{"taxonomy":"product_tag","embeddable":true,"href":"https:\/\/eterle.cz\/eshop\/wp-json\/wp\/v2\/product_tag?post=7694"}],"curies":[{"name":"wp","href":"https:\/\/api.w.org\/{rel}","templated":true}]}}