{"id":7697,"date":"2021-10-20T22:55:03","date_gmt":"2021-10-20T20:55:03","guid":{"rendered":"https:\/\/eterle.cz\/eshop\/produkt\/dekanter\/"},"modified":"2025-02-16T03:03:52","modified_gmt":"2025-02-16T02:03:52","slug":"dekanter","status":"publish","type":"product","link":"https:\/\/eterle.cz\/eshop\/produkt\/dekanter\/","title":{"rendered":"Dekant\u00e9r"},"content":{"rendered":"<p>Dekant\u00e9r m\u00e1 vypoukl\u00e9 dno pro snadn\u011bj\u0161\u00ed nal\u00e9v\u00e1n\u00ed a lep\u0161\u00ed po\u017eitek z v\u00edna. P\u0159i dekantaci se toti\u017e odd\u011bluje kal nebo krystalky, kter\u00e9 se tov\u0159\u00ed na dn\u011b lahve v\u00edna. Dekant\u00e9r se d\u00e1 pou\u017e\u00edt ale i jako karafa na vodu, chcete-li ji serv\u00edrovat d\u016fstojn\u011b.<\/p>\n<p>Stav: perfektn\u00ed<br \/>\nRozm\u011br<br \/>\nV\u00fd\u0161ka: 25 cm<br \/>\nObjem: 1,18 l<\/p>\n","protected":false},"excerpt":{"rendered":"<p>Dekant\u00e9r m\u00e1 vypoukl\u00e9 dno pro snadn\u011bj\u0161\u00ed nal\u00e9v\u00e1n\u00ed a lep\u0161\u00ed po\u017eitek z v\u00edna. P\u0159i dekantaci se toti\u017e odd\u011bluje kal nebo krystalky,<\/p>\n","protected":false},"featured_media":7698,"template":"","meta":[],"product_brand":[153],"product_cat":[91],"product_tag":[],"class_list":{"0":"post-7697","1":"product","2":"type-product","3":"status-publish","4":"has-post-thumbnail","6":"product_brand-eterle-cz","7":"product_cat-prodane","9":"first","10":"outofstock","11":"purchasable","12":"product-type-simple"},"_links":{"self":[{"href":"https:\/\/eterle.cz\/eshop\/wp-json\/wp\/v2\/product\/7697","targetHints":{"allow":["GET"]}}],"collection":[{"href":"https:\/\/eterle.cz\/eshop\/wp-json\/wp\/v2\/product"}],"about":[{"href":"https:\/\/eterle.cz\/eshop\/wp-json\/wp\/v2\/types\/product"}],"version-history":[{"count":0,"href":"https:\/\/eterle.cz\/eshop\/wp-json\/wp\/v2\/product\/7697\/revisions"}],"wp:featuredmedia":[{"embeddable":true,"href":"https:\/\/eterle.cz\/eshop\/wp-json\/wp\/v2\/media\/7698"}],"wp:attachment":[{"href":"https:\/\/eterle.cz\/eshop\/wp-json\/wp\/v2\/media?parent=7697"}],"wp:term":[{"taxonomy":"product_brand","embeddable":true,"href":"https:\/\/eterle.cz\/eshop\/wp-json\/wp\/v2\/product_brand?post=7697"},{"taxonomy":"product_cat","embeddable":true,"href":"https:\/\/eterle.cz\/eshop\/wp-json\/wp\/v2\/product_cat?post=7697"},{"taxonomy":"product_tag","embeddable":true,"href":"https:\/\/eterle.cz\/eshop\/wp-json\/wp\/v2\/product_tag?post=7697"}],"curies":[{"name":"wp","href":"https:\/\/api.w.org\/{rel}","templated":true}]}}