{"id":7700,"date":"2021-10-20T22:55:13","date_gmt":"2021-10-20T20:55:13","guid":{"rendered":"https:\/\/eterle.cz\/eshop\/produkt\/doza-stromecek\/"},"modified":"2025-02-16T03:03:51","modified_gmt":"2025-02-16T02:03:51","slug":"doza-stromecek","status":"publish","type":"product","link":"https:\/\/eterle.cz\/eshop\/produkt\/doza-stromecek\/","title":{"rendered":"D\u00f3za strome\u010dek"},"content":{"rendered":"<p>D\u00f3za na strome\u010dek z masivn\u00edho lit\u00e9ho skla bude hezkou v\u00e1no\u010dn\u00ed ozdobou sama o sob\u011b, ale poslou\u017e\u00ed i jako n\u00e1doba na cukrovinky \u010di jin\u00e9 drobnosti.<\/p>\n<p>Stav: perfektn\u00ed<br \/>\nRozm\u011br<br \/>\nV\u00fd\u0161ka: 18 cm<br \/>\nDoln\u00ed pr\u016fm\u011br: 14 cm<br \/>\nObjem: 250 ml<\/p>\n","protected":false},"excerpt":{"rendered":"<p>D\u00f3za na strome\u010dek z masivn\u00edho lit\u00e9ho skla bude hezkou v\u00e1no\u010dn\u00ed ozdobou sama o sob\u011b, ale poslou\u017e\u00ed i jako n\u00e1doba na<\/p>\n","protected":false},"featured_media":7701,"template":"","meta":[],"product_brand":[153],"product_cat":[91],"product_tag":[],"class_list":{"0":"post-7700","1":"product","2":"type-product","3":"status-publish","4":"has-post-thumbnail","6":"product_brand-eterle-cz","7":"product_cat-prodane","9":"first","10":"outofstock","11":"purchasable","12":"product-type-simple"},"_links":{"self":[{"href":"https:\/\/eterle.cz\/eshop\/wp-json\/wp\/v2\/product\/7700","targetHints":{"allow":["GET"]}}],"collection":[{"href":"https:\/\/eterle.cz\/eshop\/wp-json\/wp\/v2\/product"}],"about":[{"href":"https:\/\/eterle.cz\/eshop\/wp-json\/wp\/v2\/types\/product"}],"version-history":[{"count":0,"href":"https:\/\/eterle.cz\/eshop\/wp-json\/wp\/v2\/product\/7700\/revisions"}],"wp:featuredmedia":[{"embeddable":true,"href":"https:\/\/eterle.cz\/eshop\/wp-json\/wp\/v2\/media\/7701"}],"wp:attachment":[{"href":"https:\/\/eterle.cz\/eshop\/wp-json\/wp\/v2\/media?parent=7700"}],"wp:term":[{"taxonomy":"product_brand","embeddable":true,"href":"https:\/\/eterle.cz\/eshop\/wp-json\/wp\/v2\/product_brand?post=7700"},{"taxonomy":"product_cat","embeddable":true,"href":"https:\/\/eterle.cz\/eshop\/wp-json\/wp\/v2\/product_cat?post=7700"},{"taxonomy":"product_tag","embeddable":true,"href":"https:\/\/eterle.cz\/eshop\/wp-json\/wp\/v2\/product_tag?post=7700"}],"curies":[{"name":"wp","href":"https:\/\/api.w.org\/{rel}","templated":true}]}}