{"id":7708,"date":"2021-10-20T22:55:42","date_gmt":"2021-10-20T20:55:42","guid":{"rendered":"https:\/\/eterle.cz\/eshop\/produkt\/brousena-misa-2\/"},"modified":"2025-02-16T03:03:51","modified_gmt":"2025-02-16T02:03:51","slug":"brousena-misa-2","status":"publish","type":"product","link":"https:\/\/eterle.cz\/eshop\/produkt\/brousena-misa-2\/","title":{"rendered":"Brou\u0161en\u00e1 m\u00edsa"},"content":{"rendered":"<p>Velk\u00e1 brou\u0161en\u00e1 m\u00edsa je sv\u00fdm ploch\u00fdm tvarem jak d\u011blan\u00e1 pro v\u00e1no\u010dn\u00ed cukrov\u00ed. U n\u00e1s je moment\u00e1ln\u011b brou\u0161en\u00e9 sklo opom\u00edjeno, ale t\u0159eba v Japonsku a Americe je tento brus velmi cen\u011bn\u00fd. Je jen ot\u00e1zkou \u010dasu, kdy se jeho obliba vr\u00e1t\u00ed i u n\u00e1s.<\/p>\n<p>Stav: perfektn\u00ed<br \/>\nRozm\u011br<br \/>\nPr\u016fm\u011br: 29 cm<br \/>\nV\u00fd\u0161ka: 2,5 &#8211; 3,5 cm<\/p>\n","protected":false},"excerpt":{"rendered":"<p>Velk\u00e1 brou\u0161en\u00e1 m\u00edsa je sv\u00fdm ploch\u00fdm tvarem jak d\u011blan\u00e1 pro v\u00e1no\u010dn\u00ed cukrov\u00ed. U n\u00e1s je moment\u00e1ln\u011b brou\u0161en\u00e9 sklo opom\u00edjeno, ale<\/p>\n","protected":false},"featured_media":7709,"template":"","meta":[],"product_brand":[153],"product_cat":[91],"product_tag":[],"class_list":{"0":"post-7708","1":"product","2":"type-product","3":"status-publish","4":"has-post-thumbnail","6":"product_brand-eterle-cz","7":"product_cat-prodane","9":"first","10":"outofstock","11":"purchasable","12":"product-type-simple"},"_links":{"self":[{"href":"https:\/\/eterle.cz\/eshop\/wp-json\/wp\/v2\/product\/7708","targetHints":{"allow":["GET"]}}],"collection":[{"href":"https:\/\/eterle.cz\/eshop\/wp-json\/wp\/v2\/product"}],"about":[{"href":"https:\/\/eterle.cz\/eshop\/wp-json\/wp\/v2\/types\/product"}],"version-history":[{"count":0,"href":"https:\/\/eterle.cz\/eshop\/wp-json\/wp\/v2\/product\/7708\/revisions"}],"wp:featuredmedia":[{"embeddable":true,"href":"https:\/\/eterle.cz\/eshop\/wp-json\/wp\/v2\/media\/7709"}],"wp:attachment":[{"href":"https:\/\/eterle.cz\/eshop\/wp-json\/wp\/v2\/media?parent=7708"}],"wp:term":[{"taxonomy":"product_brand","embeddable":true,"href":"https:\/\/eterle.cz\/eshop\/wp-json\/wp\/v2\/product_brand?post=7708"},{"taxonomy":"product_cat","embeddable":true,"href":"https:\/\/eterle.cz\/eshop\/wp-json\/wp\/v2\/product_cat?post=7708"},{"taxonomy":"product_tag","embeddable":true,"href":"https:\/\/eterle.cz\/eshop\/wp-json\/wp\/v2\/product_tag?post=7708"}],"curies":[{"name":"wp","href":"https:\/\/api.w.org\/{rel}","templated":true}]}}