{"id":7713,"date":"2021-10-20T22:56:07","date_gmt":"2021-10-20T20:56:07","guid":{"rendered":"https:\/\/eterle.cz\/eshop\/produkt\/dekanter-2\/"},"modified":"2025-02-16T03:03:51","modified_gmt":"2025-02-16T02:03:51","slug":"dekanter-2","status":"publish","type":"product","link":"https:\/\/eterle.cz\/eshop\/produkt\/dekanter-2\/","title":{"rendered":"Dekant\u00e9r"},"content":{"rendered":"<p>Pro mnoh\u00e9 je dekantace v\u00edna sp\u00ed\u0161 jen nezn\u00e1m\u00fdm pojmem, pro jin\u00e9 zase pouze neu\u017eite\u010dn\u00fdm \u00fakonem podobn\u00fdm japonsk\u00e9mu \u010dajov\u00e9mu ob\u0159adu. Mnohdy m\u00e1 ale dekantace smysl a m\u016f\u017eeme ji dop\u0159\u00e1t i v\u00ednu, kter\u00e9 konzumujeme doma. Tento dekant\u00e9r v modern\u00edm designu v\u00e1m bude dobr\u00fdm spole\u010dn\u00edkem.<\/p>\n<p>Stav: perfektn\u00ed<br \/>\nRozm\u011br<br \/>\nV\u00fd\u0161ka: 20 cm<br \/>\nObjem: 1,5 l<\/p>\n","protected":false},"excerpt":{"rendered":"<p>Pro mnoh\u00e9 je dekantace v\u00edna sp\u00ed\u0161 jen nezn\u00e1m\u00fdm pojmem, pro jin\u00e9 zase pouze neu\u017eite\u010dn\u00fdm \u00fakonem podobn\u00fdm japonsk\u00e9mu \u010dajov\u00e9mu ob\u0159adu. Mnohdy<\/p>\n","protected":false},"featured_media":7714,"template":"","meta":[],"product_brand":[153],"product_cat":[91],"product_tag":[],"class_list":{"0":"post-7713","1":"product","2":"type-product","3":"status-publish","4":"has-post-thumbnail","6":"product_brand-eterle-cz","7":"product_cat-prodane","9":"first","10":"outofstock","11":"purchasable","12":"product-type-simple"},"_links":{"self":[{"href":"https:\/\/eterle.cz\/eshop\/wp-json\/wp\/v2\/product\/7713","targetHints":{"allow":["GET"]}}],"collection":[{"href":"https:\/\/eterle.cz\/eshop\/wp-json\/wp\/v2\/product"}],"about":[{"href":"https:\/\/eterle.cz\/eshop\/wp-json\/wp\/v2\/types\/product"}],"version-history":[{"count":0,"href":"https:\/\/eterle.cz\/eshop\/wp-json\/wp\/v2\/product\/7713\/revisions"}],"wp:featuredmedia":[{"embeddable":true,"href":"https:\/\/eterle.cz\/eshop\/wp-json\/wp\/v2\/media\/7714"}],"wp:attachment":[{"href":"https:\/\/eterle.cz\/eshop\/wp-json\/wp\/v2\/media?parent=7713"}],"wp:term":[{"taxonomy":"product_brand","embeddable":true,"href":"https:\/\/eterle.cz\/eshop\/wp-json\/wp\/v2\/product_brand?post=7713"},{"taxonomy":"product_cat","embeddable":true,"href":"https:\/\/eterle.cz\/eshop\/wp-json\/wp\/v2\/product_cat?post=7713"},{"taxonomy":"product_tag","embeddable":true,"href":"https:\/\/eterle.cz\/eshop\/wp-json\/wp\/v2\/product_tag?post=7713"}],"curies":[{"name":"wp","href":"https:\/\/api.w.org\/{rel}","templated":true}]}}