{"id":7718,"date":"2021-10-20T22:56:20","date_gmt":"2021-10-20T20:56:20","guid":{"rendered":"https:\/\/eterle.cz\/eshop\/produkt\/skleneny-hrnicek-opalove-sklo\/"},"modified":"2025-02-16T03:03:50","modified_gmt":"2025-02-16T02:03:50","slug":"skleneny-hrnicek-opalove-sklo","status":"publish","type":"product","link":"https:\/\/eterle.cz\/eshop\/produkt\/skleneny-hrnicek-opalove-sklo\/","title":{"rendered":"Sklen\u011bn\u00fd hrn\u00ed\u010dek op\u00e1lov\u00e9 sklo"},"content":{"rendered":"<p>Sklen\u011bn\u00fd hrne\u010dek z op\u00e1kov\u00e9ho skla, kter\u00e9mu p\u0159ezd\u00edv\u00e1me &#8222;and\u011blsk\u00fd&#8220; d\u00edky jeho tvaru ou\u0161ka v\u00e1s spolu s v\u016fn\u00ed ovocn\u00e9ho \u010di \u010dern\u00e9ho \u010daje vynese p\u0159\u00edmo do nebe.<\/p>\n<p>Stav: perfektn\u00ed<br \/>\nRozm\u011br<br \/>\nV\u00fd\u0161ka: 7 cm<br \/>\nPr\u016fm\u011br: 9,5 cm<br \/>\nObjem: 300 ml<\/p>\n","protected":false},"excerpt":{"rendered":"<p>Sklen\u011bn\u00fd hrne\u010dek z op\u00e1kov\u00e9ho skla, kter\u00e9mu p\u0159ezd\u00edv\u00e1me &#8222;and\u011blsk\u00fd&#8220; d\u00edky jeho tvaru ou\u0161ka v\u00e1s spolu s v\u016fn\u00ed ovocn\u00e9ho \u010di \u010dern\u00e9ho \u010daje<\/p>\n","protected":false},"featured_media":7719,"template":"","meta":[],"product_brand":[153],"product_cat":[91],"product_tag":[],"class_list":{"0":"post-7718","1":"product","2":"type-product","3":"status-publish","4":"has-post-thumbnail","6":"product_brand-eterle-cz","7":"product_cat-prodane","9":"first","10":"outofstock","11":"purchasable","12":"product-type-simple"},"_links":{"self":[{"href":"https:\/\/eterle.cz\/eshop\/wp-json\/wp\/v2\/product\/7718","targetHints":{"allow":["GET"]}}],"collection":[{"href":"https:\/\/eterle.cz\/eshop\/wp-json\/wp\/v2\/product"}],"about":[{"href":"https:\/\/eterle.cz\/eshop\/wp-json\/wp\/v2\/types\/product"}],"version-history":[{"count":0,"href":"https:\/\/eterle.cz\/eshop\/wp-json\/wp\/v2\/product\/7718\/revisions"}],"wp:featuredmedia":[{"embeddable":true,"href":"https:\/\/eterle.cz\/eshop\/wp-json\/wp\/v2\/media\/7719"}],"wp:attachment":[{"href":"https:\/\/eterle.cz\/eshop\/wp-json\/wp\/v2\/media?parent=7718"}],"wp:term":[{"taxonomy":"product_brand","embeddable":true,"href":"https:\/\/eterle.cz\/eshop\/wp-json\/wp\/v2\/product_brand?post=7718"},{"taxonomy":"product_cat","embeddable":true,"href":"https:\/\/eterle.cz\/eshop\/wp-json\/wp\/v2\/product_cat?post=7718"},{"taxonomy":"product_tag","embeddable":true,"href":"https:\/\/eterle.cz\/eshop\/wp-json\/wp\/v2\/product_tag?post=7718"}],"curies":[{"name":"wp","href":"https:\/\/api.w.org\/{rel}","templated":true}]}}