{"id":7721,"date":"2021-10-20T22:56:30","date_gmt":"2021-10-20T20:56:30","guid":{"rendered":"https:\/\/eterle.cz\/eshop\/produkt\/sklenicka-na-sekt\/"},"modified":"2025-02-16T03:03:49","modified_gmt":"2025-02-16T02:03:49","slug":"sklenicka-na-sekt","status":"publish","type":"product","link":"https:\/\/eterle.cz\/eshop\/produkt\/sklenicka-na-sekt\/","title":{"rendered":"Skleni\u010dka na sekt"},"content":{"rendered":"<p>Jednoduch\u00e1 skleni\u010dka na sekt ve stylu art deca a v n\u00ed \u0161umiv\u00e9 v\u00edno to je snad po\u017eitek pro bohy.<\/p>\n<p>Stav: perfektn\u00ed<br \/>\nRozm\u011br<br \/>\nV\u00fd\u0161ka: 11,5 cm<br \/>\nPr\u016fm\u011br: 8 cm<br \/>\nObjem: 125 ml<\/p>\n","protected":false},"excerpt":{"rendered":"<p>Jednoduch\u00e1 skleni\u010dka na sekt ve stylu art deca a v n\u00ed \u0161umiv\u00e9 v\u00edno to je snad po\u017eitek pro bohy. Stav:<\/p>\n","protected":false},"featured_media":7722,"template":"","meta":[],"product_brand":[153],"product_cat":[91],"product_tag":[],"class_list":{"0":"post-7721","1":"product","2":"type-product","3":"status-publish","4":"has-post-thumbnail","6":"product_brand-eterle-cz","7":"product_cat-prodane","9":"first","10":"outofstock","11":"purchasable","12":"product-type-simple"},"_links":{"self":[{"href":"https:\/\/eterle.cz\/eshop\/wp-json\/wp\/v2\/product\/7721","targetHints":{"allow":["GET"]}}],"collection":[{"href":"https:\/\/eterle.cz\/eshop\/wp-json\/wp\/v2\/product"}],"about":[{"href":"https:\/\/eterle.cz\/eshop\/wp-json\/wp\/v2\/types\/product"}],"version-history":[{"count":1,"href":"https:\/\/eterle.cz\/eshop\/wp-json\/wp\/v2\/product\/7721\/revisions"}],"predecessor-version":[{"id":17486,"href":"https:\/\/eterle.cz\/eshop\/wp-json\/wp\/v2\/product\/7721\/revisions\/17486"}],"wp:featuredmedia":[{"embeddable":true,"href":"https:\/\/eterle.cz\/eshop\/wp-json\/wp\/v2\/media\/7722"}],"wp:attachment":[{"href":"https:\/\/eterle.cz\/eshop\/wp-json\/wp\/v2\/media?parent=7721"}],"wp:term":[{"taxonomy":"product_brand","embeddable":true,"href":"https:\/\/eterle.cz\/eshop\/wp-json\/wp\/v2\/product_brand?post=7721"},{"taxonomy":"product_cat","embeddable":true,"href":"https:\/\/eterle.cz\/eshop\/wp-json\/wp\/v2\/product_cat?post=7721"},{"taxonomy":"product_tag","embeddable":true,"href":"https:\/\/eterle.cz\/eshop\/wp-json\/wp\/v2\/product_tag?post=7721"}],"curies":[{"name":"wp","href":"https:\/\/api.w.org\/{rel}","templated":true}]}}