{"id":7724,"date":"2021-10-20T22:56:44","date_gmt":"2021-10-20T20:56:44","guid":{"rendered":"https:\/\/eterle.cz\/eshop\/produkt\/misa-lisovane-sklo-2\/"},"modified":"2025-02-16T03:03:49","modified_gmt":"2025-02-16T02:03:49","slug":"misa-lisovane-sklo-2","status":"publish","type":"product","link":"https:\/\/eterle.cz\/eshop\/produkt\/misa-lisovane-sklo-2\/","title":{"rendered":"M\u00edsa lisovan\u00e9 sklo"},"content":{"rendered":"<p>M\u00edsa z lisovan\u00e9ho skla z obdob\u00ed art deca. &#8222;Zahr\u00e1la&#8220; si i v americk\u00e9m dobov\u00e9m filmu, kam jsme ji p\u016fj\u010dovali z na\u0161eho fundusu. P\u0159i jej\u00edm zakoupen\u00ed tak budete m\u00edt doma hollywoodskou hv\u011bzdu.<\/p>\n<p>Stav: mal\u00fd o\u0165uk na vrchn\u00edm lemu<br \/>\nRozm\u011br<br \/>\nV\u00fd\u0161ka: 9 cm<br \/>\nPr\u016fm\u011br: 23 cm<br \/>\nObjem: 2 l<\/p>\n","protected":false},"excerpt":{"rendered":"<p>M\u00edsa z lisovan\u00e9ho skla z obdob\u00ed art deca. &#8222;Zahr\u00e1la&#8220; si i v americk\u00e9m dobov\u00e9m filmu, kam jsme ji p\u016fj\u010dovali z<\/p>\n","protected":false},"featured_media":7725,"template":"","meta":[],"product_brand":[153],"product_cat":[91],"product_tag":[],"class_list":{"0":"post-7724","1":"product","2":"type-product","3":"status-publish","4":"has-post-thumbnail","6":"product_brand-eterle-cz","7":"product_cat-prodane","9":"first","10":"outofstock","11":"purchasable","12":"product-type-simple"},"_links":{"self":[{"href":"https:\/\/eterle.cz\/eshop\/wp-json\/wp\/v2\/product\/7724","targetHints":{"allow":["GET"]}}],"collection":[{"href":"https:\/\/eterle.cz\/eshop\/wp-json\/wp\/v2\/product"}],"about":[{"href":"https:\/\/eterle.cz\/eshop\/wp-json\/wp\/v2\/types\/product"}],"version-history":[{"count":0,"href":"https:\/\/eterle.cz\/eshop\/wp-json\/wp\/v2\/product\/7724\/revisions"}],"wp:featuredmedia":[{"embeddable":true,"href":"https:\/\/eterle.cz\/eshop\/wp-json\/wp\/v2\/media\/7725"}],"wp:attachment":[{"href":"https:\/\/eterle.cz\/eshop\/wp-json\/wp\/v2\/media?parent=7724"}],"wp:term":[{"taxonomy":"product_brand","embeddable":true,"href":"https:\/\/eterle.cz\/eshop\/wp-json\/wp\/v2\/product_brand?post=7724"},{"taxonomy":"product_cat","embeddable":true,"href":"https:\/\/eterle.cz\/eshop\/wp-json\/wp\/v2\/product_cat?post=7724"},{"taxonomy":"product_tag","embeddable":true,"href":"https:\/\/eterle.cz\/eshop\/wp-json\/wp\/v2\/product_tag?post=7724"}],"curies":[{"name":"wp","href":"https:\/\/api.w.org\/{rel}","templated":true}]}}