{"id":7733,"date":"2021-10-20T22:57:22","date_gmt":"2021-10-20T20:57:22","guid":{"rendered":"https:\/\/eterle.cz\/eshop\/produkt\/doza-z-opaloveho-skla-bohemia-czechoslovakia\/"},"modified":"2025-02-16T03:03:49","modified_gmt":"2025-02-16T02:03:49","slug":"doza-z-opaloveho-skla-bohemia-czechoslovakia","status":"publish","type":"product","link":"https:\/\/eterle.cz\/eshop\/produkt\/doza-z-opaloveho-skla-bohemia-czechoslovakia\/","title":{"rendered":"D\u00f3za z op\u00e1lov\u00e9ho skla \/ Bohemia Czechoslovakia"},"content":{"rendered":"<p>D\u00f3za z op\u00e1lov\u00e9ho skla ze 70. let, do kter\u00e9 kdy\u017e p\u0159id\u00e1te ru\u010dn\u011b vyr\u00e1b\u011bn\u00e9 \u010dokl\u00e1dov\u00e9 bonb\u00f3ny, m\u00e1te origin\u00e1ln\u00ed elegantn\u00ed d\u00e1rek. Zachovala se i p\u016fvodn\u00ed pap\u00edrov\u00e1 n\u00e1lepka Czechoslovakia.<\/p>\n<p>Stav: perfektn\u00ed<br \/>\nZna\u010dka: Bohemia Czechoslovakia<br \/>\nRozm\u011br<br \/>\nD\u00e9lka: 12 cm<br \/>\n\u0160\u00ed\u0159ka: 8 cm<br \/>\nV\u00fd\u0161ka: 4 cm<br \/>\nObjem: 150 ml<\/p>\n","protected":false},"excerpt":{"rendered":"<p>D\u00f3za z op\u00e1lov\u00e9ho skla ze 70. let, do kter\u00e9 kdy\u017e p\u0159id\u00e1te ru\u010dn\u011b vyr\u00e1b\u011bn\u00e9 \u010dokl\u00e1dov\u00e9 bonb\u00f3ny, m\u00e1te origin\u00e1ln\u00ed elegantn\u00ed d\u00e1rek. Zachovala<\/p>\n","protected":false},"featured_media":7734,"template":"","meta":[],"product_brand":[153],"product_cat":[91],"product_tag":[],"class_list":{"0":"post-7733","1":"product","2":"type-product","3":"status-publish","4":"has-post-thumbnail","6":"product_brand-eterle-cz","7":"product_cat-prodane","9":"first","10":"outofstock","11":"purchasable","12":"product-type-simple"},"_links":{"self":[{"href":"https:\/\/eterle.cz\/eshop\/wp-json\/wp\/v2\/product\/7733","targetHints":{"allow":["GET"]}}],"collection":[{"href":"https:\/\/eterle.cz\/eshop\/wp-json\/wp\/v2\/product"}],"about":[{"href":"https:\/\/eterle.cz\/eshop\/wp-json\/wp\/v2\/types\/product"}],"version-history":[{"count":1,"href":"https:\/\/eterle.cz\/eshop\/wp-json\/wp\/v2\/product\/7733\/revisions"}],"predecessor-version":[{"id":10626,"href":"https:\/\/eterle.cz\/eshop\/wp-json\/wp\/v2\/product\/7733\/revisions\/10626"}],"wp:featuredmedia":[{"embeddable":true,"href":"https:\/\/eterle.cz\/eshop\/wp-json\/wp\/v2\/media\/7734"}],"wp:attachment":[{"href":"https:\/\/eterle.cz\/eshop\/wp-json\/wp\/v2\/media?parent=7733"}],"wp:term":[{"taxonomy":"product_brand","embeddable":true,"href":"https:\/\/eterle.cz\/eshop\/wp-json\/wp\/v2\/product_brand?post=7733"},{"taxonomy":"product_cat","embeddable":true,"href":"https:\/\/eterle.cz\/eshop\/wp-json\/wp\/v2\/product_cat?post=7733"},{"taxonomy":"product_tag","embeddable":true,"href":"https:\/\/eterle.cz\/eshop\/wp-json\/wp\/v2\/product_tag?post=7733"}],"curies":[{"name":"wp","href":"https:\/\/api.w.org\/{rel}","templated":true}]}}