{"id":7739,"date":"2021-10-20T22:57:49","date_gmt":"2021-10-20T20:57:49","guid":{"rendered":"https:\/\/eterle.cz\/eshop\/produkt\/sklenicky-na-bile-palac-praha\/"},"modified":"2025-06-24T01:51:49","modified_gmt":"2025-06-23T23:51:49","slug":"sklenicky-na-bile-palac-praha","status":"publish","type":"product","link":"https:\/\/eterle.cz\/eshop\/produkt\/sklenicky-na-bile-palac-praha\/","title":{"rendered":"Skleni\u010dka na b\u00edl\u00e9\/ Pal\u00e1c Praha"},"content":{"rendered":"<p>Skleni\u010dka s monogramem PP poch\u00e1z\u00ed z historick\u00e9ho secesn\u00edho hotelu Pal\u00e1c Praha. V tomto hotelu byli ubytov\u00e1n\u00ed nap\u0159\u00edklad herec Alan Alda, skladatel filmov\u00e9 hudby Ennio Morricone nebo re\u017eis\u00e9r Quentino Tarantino a rovn\u011b\u017e tak\u00e9 Alan Delon. Chcete-li si vychutnat b\u00edl\u00e9 v\u00edno jako tyto sv\u011btov\u00e9 hv\u011bzdy, m\u00e1te jedine\u010dnou p\u0159\u00edle\u017eitost. Skleni\u010dka je ze s\u00e9rie, k dost\u00e1n\u00ed m\u00e1me i na <a href=\"https:\/\/eterle.cz\/eshop\/produkt\/sklenicky-na-cervene-palac-praha\/\">\u010derven\u00e9 v\u00edno<\/a> a <a href=\"https:\/\/eterle.cz\/eshop\/produkt\/sklenicky-na-sekt-palac-praha\/\">\u0161ampa\u0148sk\u00e9<\/a>.<\/p>\n<p>Stav: perfektn\u00ed<br \/>\nZna\u010dka: Pal\u00e1c Praha<br \/>\nRozm\u011br<br \/>\nV\u00fd\u0161ka: 22 cm<br \/>\nObjem: 180 ml<\/p>\n","protected":false},"excerpt":{"rendered":"<p>Skleni\u010dka s monogramem PP poch\u00e1z\u00ed z historick\u00e9ho secesn\u00edho hotelu Pal\u00e1c Praha. V tomto hotelu byli ubytov\u00e1n\u00ed nap\u0159\u00edklad herec Alan Alda,<\/p>\n","protected":false},"featured_media":7908,"template":"","meta":[],"product_brand":[153],"product_cat":[75,134],"product_tag":[],"class_list":{"0":"post-7739","1":"product","2":"type-product","3":"status-publish","4":"has-post-thumbnail","6":"product_brand-eterle-cz","7":"product_cat-sklo","8":"product_cat-sklenice","10":"first","11":"instock","12":"purchasable","13":"product-type-simple"},"_links":{"self":[{"href":"https:\/\/eterle.cz\/eshop\/wp-json\/wp\/v2\/product\/7739","targetHints":{"allow":["GET"]}}],"collection":[{"href":"https:\/\/eterle.cz\/eshop\/wp-json\/wp\/v2\/product"}],"about":[{"href":"https:\/\/eterle.cz\/eshop\/wp-json\/wp\/v2\/types\/product"}],"version-history":[{"count":2,"href":"https:\/\/eterle.cz\/eshop\/wp-json\/wp\/v2\/product\/7739\/revisions"}],"predecessor-version":[{"id":26100,"href":"https:\/\/eterle.cz\/eshop\/wp-json\/wp\/v2\/product\/7739\/revisions\/26100"}],"wp:featuredmedia":[{"embeddable":true,"href":"https:\/\/eterle.cz\/eshop\/wp-json\/wp\/v2\/media\/7908"}],"wp:attachment":[{"href":"https:\/\/eterle.cz\/eshop\/wp-json\/wp\/v2\/media?parent=7739"}],"wp:term":[{"taxonomy":"product_brand","embeddable":true,"href":"https:\/\/eterle.cz\/eshop\/wp-json\/wp\/v2\/product_brand?post=7739"},{"taxonomy":"product_cat","embeddable":true,"href":"https:\/\/eterle.cz\/eshop\/wp-json\/wp\/v2\/product_cat?post=7739"},{"taxonomy":"product_tag","embeddable":true,"href":"https:\/\/eterle.cz\/eshop\/wp-json\/wp\/v2\/product_tag?post=7739"}],"curies":[{"name":"wp","href":"https:\/\/api.w.org\/{rel}","templated":true}]}}