{"id":7776,"date":"2021-10-20T23:01:16","date_gmt":"2021-10-20T21:01:16","guid":{"rendered":"https:\/\/eterle.cz\/eshop\/produkt\/sestiramenny-lustr\/"},"modified":"2025-02-16T03:03:45","modified_gmt":"2025-02-16T02:03:45","slug":"sestiramenny-lustr","status":"publish","type":"product","link":"https:\/\/eterle.cz\/eshop\/produkt\/sestiramenny-lustr\/","title":{"rendered":"\u0160estiramenn\u00fd lustr"},"content":{"rendered":"<p>Elegantn\u00ed \u0161estiramenn\u00fd lustr v kombinace chromu a b\u00edl\u00e9ho skla. Lustr poch\u00e1z\u00ed z 60. let, tedy op\u011bt \u017e\u00e1dan\u00e1 bruselsk\u00e1 \u00e9ra.<\/p>\n<p>Stav: funk\u010dn\u00ed, elektroinstalce p\u016fvodn\u00ed.P\u016fvodn\u00ed zachoval\u00fd stav. Chrom v perfektn\u00edm stavu.<br \/>\nRozm\u011br<br \/>\nD\u00e9lka: 80 cm<br \/>\nD\u00e9lka ty\u010de: 60 cm<br \/>\n\u0160\u00ed\u0159ka: 82 cm<br \/>\nHloubka: 82 cm<\/p>\n","protected":false},"excerpt":{"rendered":"<p>Elegantn\u00ed \u0161estiramenn\u00fd lustr v kombinace chromu a b\u00edl\u00e9ho skla. Lustr poch\u00e1z\u00ed z 60. let, tedy op\u011bt \u017e\u00e1dan\u00e1 bruselsk\u00e1 \u00e9ra. Stav:<\/p>\n","protected":false},"featured_media":7246,"template":"","meta":[],"product_brand":[153],"product_cat":[91],"product_tag":[],"class_list":{"0":"post-7776","1":"product","2":"type-product","3":"status-publish","4":"has-post-thumbnail","6":"product_brand-eterle-cz","7":"product_cat-prodane","8":"product_shipping_class-nadrozmerne","10":"first","11":"outofstock","12":"purchasable","13":"product-type-simple"},"_links":{"self":[{"href":"https:\/\/eterle.cz\/eshop\/wp-json\/wp\/v2\/product\/7776","targetHints":{"allow":["GET"]}}],"collection":[{"href":"https:\/\/eterle.cz\/eshop\/wp-json\/wp\/v2\/product"}],"about":[{"href":"https:\/\/eterle.cz\/eshop\/wp-json\/wp\/v2\/types\/product"}],"version-history":[{"count":0,"href":"https:\/\/eterle.cz\/eshop\/wp-json\/wp\/v2\/product\/7776\/revisions"}],"wp:featuredmedia":[{"embeddable":true,"href":"https:\/\/eterle.cz\/eshop\/wp-json\/wp\/v2\/media\/7246"}],"wp:attachment":[{"href":"https:\/\/eterle.cz\/eshop\/wp-json\/wp\/v2\/media?parent=7776"}],"wp:term":[{"taxonomy":"product_brand","embeddable":true,"href":"https:\/\/eterle.cz\/eshop\/wp-json\/wp\/v2\/product_brand?post=7776"},{"taxonomy":"product_cat","embeddable":true,"href":"https:\/\/eterle.cz\/eshop\/wp-json\/wp\/v2\/product_cat?post=7776"},{"taxonomy":"product_tag","embeddable":true,"href":"https:\/\/eterle.cz\/eshop\/wp-json\/wp\/v2\/product_tag?post=7776"}],"curies":[{"name":"wp","href":"https:\/\/api.w.org\/{rel}","templated":true}]}}