{"id":7780,"date":"2021-10-20T23:01:50","date_gmt":"2021-10-20T21:01:50","guid":{"rendered":"https:\/\/eterle.cz\/eshop\/produkt\/lustr-se-zlutym-prouzkem\/"},"modified":"2025-06-24T01:51:48","modified_gmt":"2025-06-23T23:51:48","slug":"lustr-se-zlutym-prouzkem","status":"publish","type":"product","link":"https:\/\/eterle.cz\/eshop\/produkt\/lustr-se-zlutym-prouzkem\/","title":{"rendered":"Lustr se \u017elut\u00fdm prou\u017ekem"},"content":{"rendered":"<p>Zaj\u00edmav\u00fd t\u0159\u00edramenn\u00fd lustr p\u016fsob\u00ed d\u00edky \u017elut\u00e9mu prou\u017eku h\u0159ejiv\u011b. P\u0159ekvapiv\u00e9 jsou sklen\u011bn\u00e9 zaoblen\u00e9 ramena, na kter\u00fdch jsou p\u0159ipevn\u011bny st\u00ednidla. Lustr se hod\u00ed sp\u00ed\u0161e do n\u00edzk\u00fdch strop\u016f, jeliko\u017e je pom\u011brn\u011b kr\u00e1tk\u00fd. Z\u016ftuln\u00ed jist\u011b lo\u017enici nebo d\u011btsk\u00fd pokoj.<\/p>\n<p>Stav: funk\u010dn\u00ed, elektroinstalce p\u016fvodn\u00ed. P\u016fvodn\u00ed zachoval\u00fd stav. Kovov\u00e9 \u010d\u00e1sti nesou zn\u00e1mky koroze.<br \/>\nRozm\u011br<br \/>\nD\u00e9lka: 50 cm<br \/>\nD\u00e9lka ty\u010de: 20 cm<br \/>\n\u0160\u00ed\u0159ka: 33 cm<br \/>\nHloubka: 33 cm<\/p>\n","protected":false},"excerpt":{"rendered":"<p>Zaj\u00edmav\u00fd t\u0159\u00edramenn\u00fd lustr p\u016fsob\u00ed d\u00edky \u017elut\u00e9mu prou\u017eku h\u0159ejiv\u011b. P\u0159ekvapiv\u00e9 jsou sklen\u011bn\u00e9 zaoblen\u00e9 ramena, na kter\u00fdch jsou p\u0159ipevn\u011bny st\u00ednidla. Lustr se<\/p>\n","protected":false},"featured_media":7781,"template":"","meta":[],"product_brand":[153],"product_cat":[79,140],"product_tag":[],"class_list":{"0":"post-7780","1":"product","2":"type-product","3":"status-publish","4":"has-post-thumbnail","6":"product_brand-eterle-cz","7":"product_cat-svetla","8":"product_cat-lustry","9":"product_shipping_class-nadrozmerne","11":"first","12":"instock","13":"purchasable","14":"product-type-simple"},"_links":{"self":[{"href":"https:\/\/eterle.cz\/eshop\/wp-json\/wp\/v2\/product\/7780","targetHints":{"allow":["GET"]}}],"collection":[{"href":"https:\/\/eterle.cz\/eshop\/wp-json\/wp\/v2\/product"}],"about":[{"href":"https:\/\/eterle.cz\/eshop\/wp-json\/wp\/v2\/types\/product"}],"version-history":[{"count":2,"href":"https:\/\/eterle.cz\/eshop\/wp-json\/wp\/v2\/product\/7780\/revisions"}],"predecessor-version":[{"id":26097,"href":"https:\/\/eterle.cz\/eshop\/wp-json\/wp\/v2\/product\/7780\/revisions\/26097"}],"wp:featuredmedia":[{"embeddable":true,"href":"https:\/\/eterle.cz\/eshop\/wp-json\/wp\/v2\/media\/7781"}],"wp:attachment":[{"href":"https:\/\/eterle.cz\/eshop\/wp-json\/wp\/v2\/media?parent=7780"}],"wp:term":[{"taxonomy":"product_brand","embeddable":true,"href":"https:\/\/eterle.cz\/eshop\/wp-json\/wp\/v2\/product_brand?post=7780"},{"taxonomy":"product_cat","embeddable":true,"href":"https:\/\/eterle.cz\/eshop\/wp-json\/wp\/v2\/product_cat?post=7780"},{"taxonomy":"product_tag","embeddable":true,"href":"https:\/\/eterle.cz\/eshop\/wp-json\/wp\/v2\/product_tag?post=7780"}],"curies":[{"name":"wp","href":"https:\/\/api.w.org\/{rel}","templated":true}]}}