{"id":7786,"date":"2021-10-20T23:02:23","date_gmt":"2021-10-20T21:02:23","guid":{"rendered":"https:\/\/eterle.cz\/eshop\/produkt\/zluty-lustr\/"},"modified":"2025-02-16T03:03:44","modified_gmt":"2025-02-16T02:03:44","slug":"zluty-lustr","status":"publish","type":"product","link":"https:\/\/eterle.cz\/eshop\/produkt\/zluty-lustr\/","title":{"rendered":"\u017dlut\u00fd lustr"},"content":{"rendered":"<p>Pot\u0159ebujete-li trochu barvy ve va\u0161em byt\u011b, mo\u017en\u00e1 bude pr\u00e1v\u011b tento t\u0159\u00edramenn\u00fd \u017elut\u00fd lustr pro v\u00e1s. Kr\u00e1sn\u011b proz\u00e1\u0159\u00ed podzimn\u00ed a zimn\u00ed ve\u010dery. Lustr je v kombinaci kov a plast.<\/p>\n<p>Stav: funk\u010dn\u00ed, elektroinstalce p\u016fvodn\u00ed. Zachoval\u00fd p\u016fvodn\u00ed stav. Zlat\u00fd prou\u017eek na st\u00ednidlech m\u00edsty lehce od\u0159en\u00fd.<br \/>\nRozm\u011br<br \/>\nD\u00e9lka: 60 cm<br \/>\nD\u00e9lak ty\u010de: 35<br \/>\n\u0160\u00ed\u0159ka: 52 cm<br \/>\nHloubka: 52 cm<\/p>\n","protected":false},"excerpt":{"rendered":"<p>Pot\u0159ebujete-li trochu barvy ve va\u0161em byt\u011b, mo\u017en\u00e1 bude pr\u00e1v\u011b tento t\u0159\u00edramenn\u00fd \u017elut\u00fd lustr pro v\u00e1s. Kr\u00e1sn\u011b proz\u00e1\u0159\u00ed podzimn\u00ed a zimn\u00ed<\/p>\n","protected":false},"featured_media":7787,"template":"","meta":[],"product_brand":[153],"product_cat":[91],"product_tag":[],"class_list":{"0":"post-7786","1":"product","2":"type-product","3":"status-publish","4":"has-post-thumbnail","6":"product_brand-eterle-cz","7":"product_cat-prodane","8":"product_shipping_class-nadrozmerne","10":"first","11":"outofstock","12":"purchasable","13":"product-type-simple"},"_links":{"self":[{"href":"https:\/\/eterle.cz\/eshop\/wp-json\/wp\/v2\/product\/7786","targetHints":{"allow":["GET"]}}],"collection":[{"href":"https:\/\/eterle.cz\/eshop\/wp-json\/wp\/v2\/product"}],"about":[{"href":"https:\/\/eterle.cz\/eshop\/wp-json\/wp\/v2\/types\/product"}],"version-history":[{"count":0,"href":"https:\/\/eterle.cz\/eshop\/wp-json\/wp\/v2\/product\/7786\/revisions"}],"wp:featuredmedia":[{"embeddable":true,"href":"https:\/\/eterle.cz\/eshop\/wp-json\/wp\/v2\/media\/7787"}],"wp:attachment":[{"href":"https:\/\/eterle.cz\/eshop\/wp-json\/wp\/v2\/media?parent=7786"}],"wp:term":[{"taxonomy":"product_brand","embeddable":true,"href":"https:\/\/eterle.cz\/eshop\/wp-json\/wp\/v2\/product_brand?post=7786"},{"taxonomy":"product_cat","embeddable":true,"href":"https:\/\/eterle.cz\/eshop\/wp-json\/wp\/v2\/product_cat?post=7786"},{"taxonomy":"product_tag","embeddable":true,"href":"https:\/\/eterle.cz\/eshop\/wp-json\/wp\/v2\/product_tag?post=7786"}],"curies":[{"name":"wp","href":"https:\/\/api.w.org\/{rel}","templated":true}]}}