{"id":7792,"date":"2021-10-20T23:02:56","date_gmt":"2021-10-20T21:02:56","guid":{"rendered":"https:\/\/eterle.cz\/eshop\/produkt\/retro-lustr-ludib-bratislava\/"},"modified":"2025-02-16T03:03:44","modified_gmt":"2025-02-16T02:03:44","slug":"retro-lustr-ludib-bratislava","status":"publish","type":"product","link":"https:\/\/eterle.cz\/eshop\/produkt\/retro-lustr-ludib-bratislava\/","title":{"rendered":"Retro lustr \/ Ludib Bratislava"},"content":{"rendered":"<p>Lustr z obdob\u00ed 60. &#8211; 70. let tvo\u0159\u00ed kovov\u00fd prstenec okrov\u00e9 barvy s mosazn\u00fdm prost\u0159ih\u00e1van\u00fdm p\u00e1sem a st\u0159ed z tvarovan\u00e9ho skla. Hod\u00ed se do hipstersk\u00e9 kav\u00e1rny \u010di do bytu ve stylu 70. let.<\/p>\n<p>Stav: funk\u010dn\u00ed, elektroinstalce p\u016fvodn\u00ed. Zachoval\u00fd p\u016fvodn\u00ed stav. Sklo v perfektn\u00edm stavu. Kovov\u00e9 \u010d\u00e1sti nesou zn\u00e1mky lehk\u00e9 koroze.<br \/>\nZna\u010dka: Ludib Bratislava<br \/>\nRozm\u011br<br \/>\nD\u00e9lka: 60 cm<br \/>\nD\u00e9lka ty\u010de: 40 cm<br \/>\nPr\u016fm\u011br: 39 cm<\/p>\n","protected":false},"excerpt":{"rendered":"<p>Lustr z obdob\u00ed 60. &#8211; 70. let tvo\u0159\u00ed kovov\u00fd prstenec okrov\u00e9 barvy s mosazn\u00fdm prost\u0159ih\u00e1van\u00fdm p\u00e1sem a st\u0159ed z tvarovan\u00e9ho<\/p>\n","protected":false},"featured_media":7793,"template":"","meta":[],"product_brand":[153],"product_cat":[91],"product_tag":[],"class_list":{"0":"post-7792","1":"product","2":"type-product","3":"status-publish","4":"has-post-thumbnail","6":"product_brand-eterle-cz","7":"product_cat-prodane","8":"product_shipping_class-nadrozmerne","10":"first","11":"outofstock","12":"purchasable","13":"product-type-simple"},"_links":{"self":[{"href":"https:\/\/eterle.cz\/eshop\/wp-json\/wp\/v2\/product\/7792","targetHints":{"allow":["GET"]}}],"collection":[{"href":"https:\/\/eterle.cz\/eshop\/wp-json\/wp\/v2\/product"}],"about":[{"href":"https:\/\/eterle.cz\/eshop\/wp-json\/wp\/v2\/types\/product"}],"version-history":[{"count":0,"href":"https:\/\/eterle.cz\/eshop\/wp-json\/wp\/v2\/product\/7792\/revisions"}],"wp:featuredmedia":[{"embeddable":true,"href":"https:\/\/eterle.cz\/eshop\/wp-json\/wp\/v2\/media\/7793"}],"wp:attachment":[{"href":"https:\/\/eterle.cz\/eshop\/wp-json\/wp\/v2\/media?parent=7792"}],"wp:term":[{"taxonomy":"product_brand","embeddable":true,"href":"https:\/\/eterle.cz\/eshop\/wp-json\/wp\/v2\/product_brand?post=7792"},{"taxonomy":"product_cat","embeddable":true,"href":"https:\/\/eterle.cz\/eshop\/wp-json\/wp\/v2\/product_cat?post=7792"},{"taxonomy":"product_tag","embeddable":true,"href":"https:\/\/eterle.cz\/eshop\/wp-json\/wp\/v2\/product_tag?post=7792"}],"curies":[{"name":"wp","href":"https:\/\/api.w.org\/{rel}","templated":true}]}}