{"id":7799,"date":"2021-10-20T23:03:33","date_gmt":"2021-10-20T21:03:33","guid":{"rendered":"https:\/\/eterle.cz\/eshop\/produkt\/lustr-talir-napako\/"},"modified":"2025-02-16T03:03:43","modified_gmt":"2025-02-16T02:03:43","slug":"lustr-talir-napako","status":"publish","type":"product","link":"https:\/\/eterle.cz\/eshop\/produkt\/lustr-talir-napako\/","title":{"rendered":"Lustr tal\u00ed\u0159 \/ Napako"},"content":{"rendered":"<p>Retro lustr &#8222;tal\u00ed\u0159&#8220; v bruselsk\u00e9m stylu 60. let. Sklen\u011bn\u00e9 st\u00ednidlo s \u010derven\u00fdm vzorem v kombinaci s hlin\u00edkovou ty\u010d\u00ed.<\/p>\n<p>Stav: funk\u010dn\u00ed, elektroinstalce p\u016fvodn\u00ed. Zachoval\u00fd p\u016fvodn\u00ed stav.<br \/>\nZna\u010dka: Napako<br \/>\nRozm\u011br<br \/>\nD\u00e9lka: 60 cm<br \/>\nD\u00e9lka ty\u010de: 43 cm<br \/>\nPr\u016fm\u011br: 50 cm<\/p>\n","protected":false},"excerpt":{"rendered":"<p>Retro lustr &#8222;tal\u00ed\u0159&#8220; v bruselsk\u00e9m stylu 60. let. Sklen\u011bn\u00e9 st\u00ednidlo s \u010derven\u00fdm vzorem v kombinaci s hlin\u00edkovou ty\u010d\u00ed. Stav: funk\u010dn\u00ed,<\/p>\n","protected":false},"featured_media":7800,"template":"","meta":[],"product_brand":[153],"product_cat":[91],"product_tag":[],"class_list":{"0":"post-7799","1":"product","2":"type-product","3":"status-publish","4":"has-post-thumbnail","6":"product_brand-eterle-cz","7":"product_cat-prodane","8":"product_shipping_class-nadrozmerne","10":"first","11":"outofstock","12":"purchasable","13":"product-type-simple"},"_links":{"self":[{"href":"https:\/\/eterle.cz\/eshop\/wp-json\/wp\/v2\/product\/7799","targetHints":{"allow":["GET"]}}],"collection":[{"href":"https:\/\/eterle.cz\/eshop\/wp-json\/wp\/v2\/product"}],"about":[{"href":"https:\/\/eterle.cz\/eshop\/wp-json\/wp\/v2\/types\/product"}],"version-history":[{"count":0,"href":"https:\/\/eterle.cz\/eshop\/wp-json\/wp\/v2\/product\/7799\/revisions"}],"wp:featuredmedia":[{"embeddable":true,"href":"https:\/\/eterle.cz\/eshop\/wp-json\/wp\/v2\/media\/7800"}],"wp:attachment":[{"href":"https:\/\/eterle.cz\/eshop\/wp-json\/wp\/v2\/media?parent=7799"}],"wp:term":[{"taxonomy":"product_brand","embeddable":true,"href":"https:\/\/eterle.cz\/eshop\/wp-json\/wp\/v2\/product_brand?post=7799"},{"taxonomy":"product_cat","embeddable":true,"href":"https:\/\/eterle.cz\/eshop\/wp-json\/wp\/v2\/product_cat?post=7799"},{"taxonomy":"product_tag","embeddable":true,"href":"https:\/\/eterle.cz\/eshop\/wp-json\/wp\/v2\/product_tag?post=7799"}],"curies":[{"name":"wp","href":"https:\/\/api.w.org\/{rel}","templated":true}]}}