{"id":7805,"date":"2021-10-20T23:04:03","date_gmt":"2021-10-20T21:04:03","guid":{"rendered":"https:\/\/eterle.cz\/eshop\/produkt\/stolni-bakelitova-lampicka-elektrosvit\/"},"modified":"2025-02-16T03:03:43","modified_gmt":"2025-02-16T02:03:43","slug":"stolni-bakelitova-lampicka-elektrosvit","status":"publish","type":"product","link":"https:\/\/eterle.cz\/eshop\/produkt\/stolni-bakelitova-lampicka-elektrosvit\/","title":{"rendered":"Stoln\u00ed bakelitov\u00e1 lampi\u010dka \/ Elektrosvit"},"content":{"rendered":"<p>N\u00e1vrh t\u00e9to bakelitov\u00e9 lampi\u010dky poch\u00e1z\u00ed s Velk\u00e9 Brit\u00e1nie. V\u00fdrobu zaji\u0161\u0165ovala spole\u010dnost Elektrosvit na \u00fazem\u00ed b\u00fdval\u00e9ho \u010ceskoslovenska v letech 1930-1940. Bude kr\u00e1sn\u00fdm dopl\u0148kem pracovn\u00edho stolu.<br \/>\n250 V, 40 W, p\u016fvodn\u00ed kabel b\u00edl\u00fd\u00a0 (na fotce je jin\u00fd kabel, lampi\u010dka s l\u00e1tkov\u00fdm kabelem je ji\u017e prod\u00e1na)<\/p>\n<p>Stav: funk\u010dn\u00ed, elektroinstalace p\u016fvodn\u00ed. Zachoval\u00fd p\u016fvodn\u00ed stav.<br \/>\nZna\u010dka: Elektrosvit<br \/>\nRozm\u011br<br \/>\nV\u00fd\u0161ka narovnan\u00e9: 47 cm<br \/>\nSt\u00ednidlo d\u00e9lka: 15 cm<br \/>\nSt\u00ednidlo pr\u016fm\u011br doln\u00ed: 16,5 cm<\/p>\n","protected":false},"excerpt":{"rendered":"<p>N\u00e1vrh t\u00e9to bakelitov\u00e9 lampi\u010dky poch\u00e1z\u00ed s Velk\u00e9 Brit\u00e1nie. V\u00fdrobu zaji\u0161\u0165ovala spole\u010dnost Elektrosvit na \u00fazem\u00ed b\u00fdval\u00e9ho \u010ceskoslovenska v letech 1930-1940. Bude<\/p>\n","protected":false},"featured_media":7806,"template":"","meta":[],"product_brand":[153],"product_cat":[91],"product_tag":[],"class_list":{"0":"post-7805","1":"product","2":"type-product","3":"status-publish","4":"has-post-thumbnail","6":"product_brand-eterle-cz","7":"product_cat-prodane","9":"first","10":"outofstock","11":"purchasable","12":"product-type-simple"},"_links":{"self":[{"href":"https:\/\/eterle.cz\/eshop\/wp-json\/wp\/v2\/product\/7805","targetHints":{"allow":["GET"]}}],"collection":[{"href":"https:\/\/eterle.cz\/eshop\/wp-json\/wp\/v2\/product"}],"about":[{"href":"https:\/\/eterle.cz\/eshop\/wp-json\/wp\/v2\/types\/product"}],"version-history":[{"count":1,"href":"https:\/\/eterle.cz\/eshop\/wp-json\/wp\/v2\/product\/7805\/revisions"}],"predecessor-version":[{"id":17530,"href":"https:\/\/eterle.cz\/eshop\/wp-json\/wp\/v2\/product\/7805\/revisions\/17530"}],"wp:featuredmedia":[{"embeddable":true,"href":"https:\/\/eterle.cz\/eshop\/wp-json\/wp\/v2\/media\/7806"}],"wp:attachment":[{"href":"https:\/\/eterle.cz\/eshop\/wp-json\/wp\/v2\/media?parent=7805"}],"wp:term":[{"taxonomy":"product_brand","embeddable":true,"href":"https:\/\/eterle.cz\/eshop\/wp-json\/wp\/v2\/product_brand?post=7805"},{"taxonomy":"product_cat","embeddable":true,"href":"https:\/\/eterle.cz\/eshop\/wp-json\/wp\/v2\/product_cat?post=7805"},{"taxonomy":"product_tag","embeddable":true,"href":"https:\/\/eterle.cz\/eshop\/wp-json\/wp\/v2\/product_tag?post=7805"}],"curies":[{"name":"wp","href":"https:\/\/api.w.org\/{rel}","templated":true}]}}