{"id":7810,"date":"2021-10-20T23:04:26","date_gmt":"2021-10-20T21:04:26","guid":{"rendered":"https:\/\/eterle.cz\/eshop\/produkt\/stolni-cervena-lampicka-lidokov\/"},"modified":"2025-02-16T03:03:43","modified_gmt":"2025-02-16T02:03:43","slug":"stolni-cervena-lampicka-lidokov","status":"publish","type":"product","link":"https:\/\/eterle.cz\/eshop\/produkt\/stolni-cervena-lampicka-lidokov\/","title":{"rendered":"Stoln\u00ed \u010derven\u00e1 lampi\u010dka \/ Lidokov"},"content":{"rendered":"<p>Stoln\u00ed lampi\u010dka ze 70. let minul\u00e9ho stolet\u00ed vyrobena firmou Lidokov dle n\u00e1vrhu Josefa H\u016frky, kter\u00fd je rovn\u011b\u017e autorem ikonick\u00e9ho lustru &#8222;ufo&#8220;. Lakovan\u00e1 podno\u017e a st\u00ednidlo je propojeno chromovanou ty\u010d\u00ed. Jedn\u00e1 se o velmi progresivn\u00ed a praktick\u00fd design. 250 V, 25 W<\/p>\n<p>Stav: funk\u010dn\u00ed, elektroinstalce p\u016fvodn\u00ed. Zachoval\u00fd p\u016fvodn\u00ed stav, nese lehk\u00e9 zn\u00e1mky u\u017e\u00edv\u00e1n\u00ed.<br \/>\nZna\u010dka: Lidokov, typ L117-2028<br \/>\nRozm\u011br<br \/>\nV\u00fd\u0161ka ty\u010de: 45 cm<br \/>\nSt\u00ednidlo d\u00e9lka: 19 cm<br \/>\nSt\u00ednidlo pr\u016fm\u011br doln\u00ed: 11,5 cm<\/p>\n","protected":false},"excerpt":{"rendered":"<p>Stoln\u00ed lampi\u010dka ze 70. let minul\u00e9ho stolet\u00ed vyrobena firmou Lidokov dle n\u00e1vrhu Josefa H\u016frky, kter\u00fd je rovn\u011b\u017e autorem ikonick\u00e9ho lustru<\/p>\n","protected":false},"featured_media":7811,"template":"","meta":[],"product_brand":[153],"product_cat":[91],"product_tag":[],"class_list":{"0":"post-7810","1":"product","2":"type-product","3":"status-publish","4":"has-post-thumbnail","6":"product_brand-eterle-cz","7":"product_cat-prodane","9":"first","10":"outofstock","11":"purchasable","12":"product-type-simple"},"_links":{"self":[{"href":"https:\/\/eterle.cz\/eshop\/wp-json\/wp\/v2\/product\/7810","targetHints":{"allow":["GET"]}}],"collection":[{"href":"https:\/\/eterle.cz\/eshop\/wp-json\/wp\/v2\/product"}],"about":[{"href":"https:\/\/eterle.cz\/eshop\/wp-json\/wp\/v2\/types\/product"}],"version-history":[{"count":0,"href":"https:\/\/eterle.cz\/eshop\/wp-json\/wp\/v2\/product\/7810\/revisions"}],"wp:featuredmedia":[{"embeddable":true,"href":"https:\/\/eterle.cz\/eshop\/wp-json\/wp\/v2\/media\/7811"}],"wp:attachment":[{"href":"https:\/\/eterle.cz\/eshop\/wp-json\/wp\/v2\/media?parent=7810"}],"wp:term":[{"taxonomy":"product_brand","embeddable":true,"href":"https:\/\/eterle.cz\/eshop\/wp-json\/wp\/v2\/product_brand?post=7810"},{"taxonomy":"product_cat","embeddable":true,"href":"https:\/\/eterle.cz\/eshop\/wp-json\/wp\/v2\/product_cat?post=7810"},{"taxonomy":"product_tag","embeddable":true,"href":"https:\/\/eterle.cz\/eshop\/wp-json\/wp\/v2\/product_tag?post=7810"}],"curies":[{"name":"wp","href":"https:\/\/api.w.org\/{rel}","templated":true}]}}