{"id":7816,"date":"2021-10-20T23:04:53","date_gmt":"2021-10-20T21:04:53","guid":{"rendered":"https:\/\/eterle.cz\/eshop\/produkt\/sklenena-lampicka-kamenicky-senov\/"},"modified":"2025-02-16T03:03:43","modified_gmt":"2025-02-16T02:03:43","slug":"sklenena-lampicka-kamenicky-senov","status":"publish","type":"product","link":"https:\/\/eterle.cz\/eshop\/produkt\/sklenena-lampicka-kamenicky-senov\/","title":{"rendered":"Sklen\u011bn\u00e1 lampi\u010dka \/ Kamenick\u00fd \u0160enov"},"content":{"rendered":"<p>Stoln\u00ed lampi\u010dka p\u0159ezd\u00edvan\u00e1 vzhledem k tvaru k\u0159i\u0161\u0165\u00e1lov\u00e9ho st\u00ednidla &#8222;je\u017eek&#8220;. Lampi\u010dka se d\u00e1 d\u00edky oku vespod stojanu p\u0159ipevnit i na ze\u010f. Vyrobena v Kamenick\u00e9m \u0160enov\u011b v obdob\u00ed 60.-70. let minul\u00e9ho stolet\u00ed. 370059-1, 250 V, 40 W<\/p>\n<p>Stav: funk\u010dn\u00ed, elektroinstalace p\u016fvodn\u00ed. velmi dobr\u00fd p\u016fvodn\u00ed stav<br \/>\nZna\u010dka: Kamenick\u00fd \u0160enov<br \/>\nRozm\u011br<br \/>\nV\u00fd\u0161ka: 19 cm<br \/>\nObvod: cca 41 cm<\/p>\n","protected":false},"excerpt":{"rendered":"<p>Stoln\u00ed lampi\u010dka p\u0159ezd\u00edvan\u00e1 vzhledem k tvaru k\u0159i\u0161\u0165\u00e1lov\u00e9ho st\u00ednidla &#8222;je\u017eek&#8220;. Lampi\u010dka se d\u00e1 d\u00edky oku vespod stojanu p\u0159ipevnit i na ze\u010f.<\/p>\n","protected":false},"featured_media":7817,"template":"","meta":[],"product_brand":[153],"product_cat":[91],"product_tag":[],"class_list":{"0":"post-7816","1":"product","2":"type-product","3":"status-publish","4":"has-post-thumbnail","6":"product_brand-eterle-cz","7":"product_cat-prodane","9":"first","10":"outofstock","11":"purchasable","12":"product-type-simple"},"_links":{"self":[{"href":"https:\/\/eterle.cz\/eshop\/wp-json\/wp\/v2\/product\/7816","targetHints":{"allow":["GET"]}}],"collection":[{"href":"https:\/\/eterle.cz\/eshop\/wp-json\/wp\/v2\/product"}],"about":[{"href":"https:\/\/eterle.cz\/eshop\/wp-json\/wp\/v2\/types\/product"}],"version-history":[{"count":1,"href":"https:\/\/eterle.cz\/eshop\/wp-json\/wp\/v2\/product\/7816\/revisions"}],"predecessor-version":[{"id":14084,"href":"https:\/\/eterle.cz\/eshop\/wp-json\/wp\/v2\/product\/7816\/revisions\/14084"}],"wp:featuredmedia":[{"embeddable":true,"href":"https:\/\/eterle.cz\/eshop\/wp-json\/wp\/v2\/media\/7817"}],"wp:attachment":[{"href":"https:\/\/eterle.cz\/eshop\/wp-json\/wp\/v2\/media?parent=7816"}],"wp:term":[{"taxonomy":"product_brand","embeddable":true,"href":"https:\/\/eterle.cz\/eshop\/wp-json\/wp\/v2\/product_brand?post=7816"},{"taxonomy":"product_cat","embeddable":true,"href":"https:\/\/eterle.cz\/eshop\/wp-json\/wp\/v2\/product_cat?post=7816"},{"taxonomy":"product_tag","embeddable":true,"href":"https:\/\/eterle.cz\/eshop\/wp-json\/wp\/v2\/product_tag?post=7816"}],"curies":[{"name":"wp","href":"https:\/\/api.w.org\/{rel}","templated":true}]}}