{"id":7822,"date":"2021-10-20T23:05:23","date_gmt":"2021-10-20T21:05:23","guid":{"rendered":"https:\/\/eterle.cz\/eshop\/produkt\/lustr-ufo\/"},"modified":"2025-02-16T03:03:42","modified_gmt":"2025-02-16T02:03:42","slug":"lustr-ufo","status":"publish","type":"product","link":"https:\/\/eterle.cz\/eshop\/produkt\/lustr-ufo\/","title":{"rendered":"Lustr Ufo"},"content":{"rendered":"<p>Ikonick\u00fd lustr &#8222;ufo&#8220; od v\u00fdrobce Napako poch\u00e1z\u00ed z obdob\u00ed funkcionalismu, 30. l\u00e9ta. Byl zhotoven dle n\u00e1vrhu Josefa H\u016frky, kter\u00fd navrhl za svou kari\u00e9ru n\u011bkolik ikonick\u00fdch sv\u00edtidel.<\/p>\n<p>Stav: funk\u010dn\u00ed, elektroinstalace p\u016fvodn\u00ed. Zachoval\u00fd p\u016fvodn\u00ed stav, chrom v dobr\u00e9m stavu. Sklo nen\u00ed origin\u00e1l (viz foto).<br \/>\nRozm\u011br<br \/>\nD\u00e9lka: 73 cm<br \/>\nD\u00e9lka ty\u010de: 55 cm<br \/>\nPr\u016fm\u011br: 54 cm<\/p>\n","protected":false},"excerpt":{"rendered":"<p>Ikonick\u00fd lustr &#8222;ufo&#8220; od v\u00fdrobce Napako poch\u00e1z\u00ed z obdob\u00ed funkcionalismu, 30. l\u00e9ta. Byl zhotoven dle n\u00e1vrhu Josefa H\u016frky, kter\u00fd navrhl<\/p>\n","protected":false},"featured_media":7823,"template":"","meta":[],"product_brand":[153],"product_cat":[91],"product_tag":[],"class_list":{"0":"post-7822","1":"product","2":"type-product","3":"status-publish","4":"has-post-thumbnail","6":"product_brand-eterle-cz","7":"product_cat-prodane","8":"product_shipping_class-nadrozmerne","10":"first","11":"outofstock","12":"purchasable","13":"product-type-simple"},"_links":{"self":[{"href":"https:\/\/eterle.cz\/eshop\/wp-json\/wp\/v2\/product\/7822","targetHints":{"allow":["GET"]}}],"collection":[{"href":"https:\/\/eterle.cz\/eshop\/wp-json\/wp\/v2\/product"}],"about":[{"href":"https:\/\/eterle.cz\/eshop\/wp-json\/wp\/v2\/types\/product"}],"version-history":[{"count":1,"href":"https:\/\/eterle.cz\/eshop\/wp-json\/wp\/v2\/product\/7822\/revisions"}],"predecessor-version":[{"id":18767,"href":"https:\/\/eterle.cz\/eshop\/wp-json\/wp\/v2\/product\/7822\/revisions\/18767"}],"wp:featuredmedia":[{"embeddable":true,"href":"https:\/\/eterle.cz\/eshop\/wp-json\/wp\/v2\/media\/7823"}],"wp:attachment":[{"href":"https:\/\/eterle.cz\/eshop\/wp-json\/wp\/v2\/media?parent=7822"}],"wp:term":[{"taxonomy":"product_brand","embeddable":true,"href":"https:\/\/eterle.cz\/eshop\/wp-json\/wp\/v2\/product_brand?post=7822"},{"taxonomy":"product_cat","embeddable":true,"href":"https:\/\/eterle.cz\/eshop\/wp-json\/wp\/v2\/product_cat?post=7822"},{"taxonomy":"product_tag","embeddable":true,"href":"https:\/\/eterle.cz\/eshop\/wp-json\/wp\/v2\/product_tag?post=7822"}],"curies":[{"name":"wp","href":"https:\/\/api.w.org\/{rel}","templated":true}]}}