{"id":7828,"date":"2021-10-20T23:05:48","date_gmt":"2021-10-20T21:05:48","guid":{"rendered":"https:\/\/eterle.cz\/eshop\/produkt\/porcelanova-vaza-creidlitz\/"},"modified":"2025-02-16T03:03:42","modified_gmt":"2025-02-16T02:03:42","slug":"porcelanova-vaza-creidlitz","status":"publish","type":"product","link":"https:\/\/eterle.cz\/eshop\/produkt\/porcelanova-vaza-creidlitz\/","title":{"rendered":"Porcel\u00e1nov\u00e1 v\u00e1za \/ Creidlitz"},"content":{"rendered":"<p>Porcel\u00e1nov\u00e1 v\u00e1za zna\u010dky Creidlitz v barv\u011b slonov\u00e9 kosti se zaj\u00edmav\u00fdm abstraktn\u00edm zdoben\u00edm ve zlato-\u010dern\u00e9 barv\u011b. V\u00e1za poch\u00e1z\u00ed z ji\u017e zanikl\u00e9 n\u011bmeck\u00e9 porcel\u00e1nky, zalo\u017een\u00e9 v roce 1913. Bude kr\u00e1sn\u00fdm dopl\u0148kem interi\u00e9ru, i kdy\u017e v n\u00ed zrovna nebudete m\u00edt kv\u011btiny. Slu\u0161et to v n\u00ed bude ale nap\u0159\u00edlad na podzim astr\u00e1m nebo na ja\u0159e petrkl\u00ed\u010d\u016fm.<\/p>\n<p>Stav: perfektn\u00ed<br \/>\nZna\u010dka: Creidlitz, Bavaria<br \/>\nRozm\u011br<br \/>\nV\u00fd\u0161ka: 11 cm<br \/>\n\u0160\u00ed\u0159ka: 12 cm<br \/>\nHloubka: 6 cm<\/p>\n","protected":false},"excerpt":{"rendered":"<p>Porcel\u00e1nov\u00e1 v\u00e1za zna\u010dky Creidlitz v barv\u011b slonov\u00e9 kosti se zaj\u00edmav\u00fdm abstraktn\u00edm zdoben\u00edm ve zlato-\u010dern\u00e9 barv\u011b. V\u00e1za poch\u00e1z\u00ed z ji\u017e zanikl\u00e9<\/p>\n","protected":false},"featured_media":7829,"template":"","meta":[],"product_brand":[153],"product_cat":[91],"product_tag":[],"class_list":{"0":"post-7828","1":"product","2":"type-product","3":"status-publish","4":"has-post-thumbnail","6":"product_brand-eterle-cz","7":"product_cat-prodane","9":"first","10":"outofstock","11":"purchasable","12":"product-type-simple"},"_links":{"self":[{"href":"https:\/\/eterle.cz\/eshop\/wp-json\/wp\/v2\/product\/7828","targetHints":{"allow":["GET"]}}],"collection":[{"href":"https:\/\/eterle.cz\/eshop\/wp-json\/wp\/v2\/product"}],"about":[{"href":"https:\/\/eterle.cz\/eshop\/wp-json\/wp\/v2\/types\/product"}],"version-history":[{"count":1,"href":"https:\/\/eterle.cz\/eshop\/wp-json\/wp\/v2\/product\/7828\/revisions"}],"predecessor-version":[{"id":15932,"href":"https:\/\/eterle.cz\/eshop\/wp-json\/wp\/v2\/product\/7828\/revisions\/15932"}],"wp:featuredmedia":[{"embeddable":true,"href":"https:\/\/eterle.cz\/eshop\/wp-json\/wp\/v2\/media\/7829"}],"wp:attachment":[{"href":"https:\/\/eterle.cz\/eshop\/wp-json\/wp\/v2\/media?parent=7828"}],"wp:term":[{"taxonomy":"product_brand","embeddable":true,"href":"https:\/\/eterle.cz\/eshop\/wp-json\/wp\/v2\/product_brand?post=7828"},{"taxonomy":"product_cat","embeddable":true,"href":"https:\/\/eterle.cz\/eshop\/wp-json\/wp\/v2\/product_cat?post=7828"},{"taxonomy":"product_tag","embeddable":true,"href":"https:\/\/eterle.cz\/eshop\/wp-json\/wp\/v2\/product_tag?post=7828"}],"curies":[{"name":"wp","href":"https:\/\/api.w.org\/{rel}","templated":true}]}}