{"id":7832,"date":"2021-10-20T23:06:04","date_gmt":"2021-10-20T21:06:04","guid":{"rendered":"https:\/\/eterle.cz\/eshop\/produkt\/porcelanova-vaza-thomas-3\/"},"modified":"2025-02-16T03:03:42","modified_gmt":"2025-02-16T02:03:42","slug":"porcelanova-vaza-thomas-3","status":"publish","type":"product","link":"https:\/\/eterle.cz\/eshop\/produkt\/porcelanova-vaza-thomas-3\/","title":{"rendered":"Porcel\u00e1nov\u00e1 v\u00e1za \/ Thomas"},"content":{"rendered":"<p>B\u00edl\u00e1 porcel\u00e1nov\u00e1 v\u00e1za s plastick\u00fdm dekorem poch\u00e1z\u00ed z n\u011bmeck\u00e9 porcel\u00e1nky Thomas, kter\u00e1 spad\u00e1 do skupiny Rosenthal. Zam\u011b\u0159uje se p\u0159edev\u0161\u00edm na jednoduch\u00fd stylov\u00fd porcel\u00e1n pro mlad\u00e9. I tato v\u00e1za odr\u00e1\u017e\u00ed synonima zna\u010dky, kter\u00fdmi jsou mladistvost, sou\u010dastnost a \u010distota designu.<\/p>\n<p>Stav: perfektn\u00ed<br \/>\nZna\u010dka: Thomas, Germany<br \/>\nRozm\u011br<br \/>\nV\u00fd\u0161ka: 15 cm<br \/>\nOtvor: 9 x 5 cm<\/p>\n","protected":false},"excerpt":{"rendered":"<p>B\u00edl\u00e1 porcel\u00e1nov\u00e1 v\u00e1za s plastick\u00fdm dekorem poch\u00e1z\u00ed z n\u011bmeck\u00e9 porcel\u00e1nky Thomas, kter\u00e1 spad\u00e1 do skupiny Rosenthal. Zam\u011b\u0159uje se p\u0159edev\u0161\u00edm na<\/p>\n","protected":false},"featured_media":7833,"template":"","meta":[],"product_brand":[153],"product_cat":[91],"product_tag":[],"class_list":{"0":"post-7832","1":"product","2":"type-product","3":"status-publish","4":"has-post-thumbnail","6":"product_brand-eterle-cz","7":"product_cat-prodane","9":"first","10":"outofstock","11":"purchasable","12":"product-type-simple"},"_links":{"self":[{"href":"https:\/\/eterle.cz\/eshop\/wp-json\/wp\/v2\/product\/7832","targetHints":{"allow":["GET"]}}],"collection":[{"href":"https:\/\/eterle.cz\/eshop\/wp-json\/wp\/v2\/product"}],"about":[{"href":"https:\/\/eterle.cz\/eshop\/wp-json\/wp\/v2\/types\/product"}],"version-history":[{"count":0,"href":"https:\/\/eterle.cz\/eshop\/wp-json\/wp\/v2\/product\/7832\/revisions"}],"wp:featuredmedia":[{"embeddable":true,"href":"https:\/\/eterle.cz\/eshop\/wp-json\/wp\/v2\/media\/7833"}],"wp:attachment":[{"href":"https:\/\/eterle.cz\/eshop\/wp-json\/wp\/v2\/media?parent=7832"}],"wp:term":[{"taxonomy":"product_brand","embeddable":true,"href":"https:\/\/eterle.cz\/eshop\/wp-json\/wp\/v2\/product_brand?post=7832"},{"taxonomy":"product_cat","embeddable":true,"href":"https:\/\/eterle.cz\/eshop\/wp-json\/wp\/v2\/product_cat?post=7832"},{"taxonomy":"product_tag","embeddable":true,"href":"https:\/\/eterle.cz\/eshop\/wp-json\/wp\/v2\/product_tag?post=7832"}],"curies":[{"name":"wp","href":"https:\/\/api.w.org\/{rel}","templated":true}]}}