{"id":7837,"date":"2021-10-20T23:06:27","date_gmt":"2021-10-20T21:06:27","guid":{"rendered":"https:\/\/eterle.cz\/eshop\/produkt\/porcelanova-vaza-dresden\/"},"modified":"2025-02-16T03:03:41","modified_gmt":"2025-02-16T02:03:41","slug":"porcelanova-vaza-dresden","status":"publish","type":"product","link":"https:\/\/eterle.cz\/eshop\/produkt\/porcelanova-vaza-dresden\/","title":{"rendered":"Porcel\u00e1nov\u00e1 v\u00e1za \/ Dresden"},"content":{"rendered":"<p>Porcel\u00e1nov\u00e1 v\u00e1za Dresden sv\u00fdm tvarem p\u0159ipom\u00edn\u00e1 \u0159\u00edmsk\u00e9 sloupy. M\u00e1 kr\u00e1sn\u00fd jednoduch\u00fd tvar a decentn\u011b zdobenou spodn\u00ed \u010d\u00e1st. D\u00edky b\u00edl\u00e9 barv\u011b do ni m\u016f\u017eete d\u00e1t kv\u011btinu v jak\u00e9koliv barevn\u00e9 kombinaci.<\/p>\n<p>Stav: perfektn\u00ed<br \/>\nZna\u010dka: Dresden<br \/>\nRozm\u011br<br \/>\nV\u00fd\u0161ka: 13,5 cm<br \/>\nDoln\u00ed pr\u016fm\u011br: 8,5 cm<br \/>\nHorn\u00ed pr\u016fm\u011br: 12,5 cm<\/p>\n","protected":false},"excerpt":{"rendered":"<p>Porcel\u00e1nov\u00e1 v\u00e1za Dresden sv\u00fdm tvarem p\u0159ipom\u00edn\u00e1 \u0159\u00edmsk\u00e9 sloupy. M\u00e1 kr\u00e1sn\u00fd jednoduch\u00fd tvar a decentn\u011b zdobenou spodn\u00ed \u010d\u00e1st. D\u00edky b\u00edl\u00e9 barv\u011b<\/p>\n","protected":false},"featured_media":7838,"template":"","meta":[],"product_brand":[153],"product_cat":[91],"product_tag":[],"class_list":{"0":"post-7837","1":"product","2":"type-product","3":"status-publish","4":"has-post-thumbnail","6":"product_brand-eterle-cz","7":"product_cat-prodane","9":"first","10":"outofstock","11":"purchasable","12":"product-type-simple"},"_links":{"self":[{"href":"https:\/\/eterle.cz\/eshop\/wp-json\/wp\/v2\/product\/7837","targetHints":{"allow":["GET"]}}],"collection":[{"href":"https:\/\/eterle.cz\/eshop\/wp-json\/wp\/v2\/product"}],"about":[{"href":"https:\/\/eterle.cz\/eshop\/wp-json\/wp\/v2\/types\/product"}],"version-history":[{"count":0,"href":"https:\/\/eterle.cz\/eshop\/wp-json\/wp\/v2\/product\/7837\/revisions"}],"wp:featuredmedia":[{"embeddable":true,"href":"https:\/\/eterle.cz\/eshop\/wp-json\/wp\/v2\/media\/7838"}],"wp:attachment":[{"href":"https:\/\/eterle.cz\/eshop\/wp-json\/wp\/v2\/media?parent=7837"}],"wp:term":[{"taxonomy":"product_brand","embeddable":true,"href":"https:\/\/eterle.cz\/eshop\/wp-json\/wp\/v2\/product_brand?post=7837"},{"taxonomy":"product_cat","embeddable":true,"href":"https:\/\/eterle.cz\/eshop\/wp-json\/wp\/v2\/product_cat?post=7837"},{"taxonomy":"product_tag","embeddable":true,"href":"https:\/\/eterle.cz\/eshop\/wp-json\/wp\/v2\/product_tag?post=7837"}],"curies":[{"name":"wp","href":"https:\/\/api.w.org\/{rel}","templated":true}]}}