{"id":7842,"date":"2021-10-20T23:06:48","date_gmt":"2021-10-20T21:06:48","guid":{"rendered":"https:\/\/eterle.cz\/eshop\/produkt\/porcelanova-vaza-3\/"},"modified":"2025-02-16T03:03:41","modified_gmt":"2025-02-16T02:03:41","slug":"porcelanova-vaza-3","status":"publish","type":"product","link":"https:\/\/eterle.cz\/eshop\/produkt\/porcelanova-vaza-3\/","title":{"rendered":"Porcel\u00e1nov\u00e1 v\u00e1za"},"content":{"rendered":"<p>Pokud si nechcete p\u0159\u00edli\u0161 l\u00e1mat hlavu t\u00edm, jak\u00e1 kv\u011btina se do kter\u00e9 v\u00e1zy hod\u00ed, bude pro v\u00e1s tato varianta ide\u00e1ln\u00ed. Jde o naprosto jednoduchou v\u00e1zu po v\u0161ech sm\u011brech &#8211; tvar, zdobnost i barevnost jsou zcela minimalistick\u00e9. Tato v\u00e1za raz\u00ed helso &#8222;keep it simple&#8220;.<\/p>\n<p>Stav: perfektn\u00ed<br \/>\nRozm\u011br<br \/>\nV\u00fd\u0161ka: 21 cm<br \/>\nHorn\u00ed pr\u016fm\u011br: 14 cm<br \/>\nDoln\u00ed pr\u016fm\u011br: 9 cm<\/p>\n","protected":false},"excerpt":{"rendered":"<p>Pokud si nechcete p\u0159\u00edli\u0161 l\u00e1mat hlavu t\u00edm, jak\u00e1 kv\u011btina se do kter\u00e9 v\u00e1zy hod\u00ed, bude pro v\u00e1s tato varianta ide\u00e1ln\u00ed.<\/p>\n","protected":false},"featured_media":7843,"template":"","meta":[],"product_brand":[153],"product_cat":[91],"product_tag":[],"class_list":{"0":"post-7842","1":"product","2":"type-product","3":"status-publish","4":"has-post-thumbnail","6":"product_brand-eterle-cz","7":"product_cat-prodane","9":"first","10":"outofstock","11":"purchasable","12":"product-type-simple"},"_links":{"self":[{"href":"https:\/\/eterle.cz\/eshop\/wp-json\/wp\/v2\/product\/7842","targetHints":{"allow":["GET"]}}],"collection":[{"href":"https:\/\/eterle.cz\/eshop\/wp-json\/wp\/v2\/product"}],"about":[{"href":"https:\/\/eterle.cz\/eshop\/wp-json\/wp\/v2\/types\/product"}],"version-history":[{"count":0,"href":"https:\/\/eterle.cz\/eshop\/wp-json\/wp\/v2\/product\/7842\/revisions"}],"wp:featuredmedia":[{"embeddable":true,"href":"https:\/\/eterle.cz\/eshop\/wp-json\/wp\/v2\/media\/7843"}],"wp:attachment":[{"href":"https:\/\/eterle.cz\/eshop\/wp-json\/wp\/v2\/media?parent=7842"}],"wp:term":[{"taxonomy":"product_brand","embeddable":true,"href":"https:\/\/eterle.cz\/eshop\/wp-json\/wp\/v2\/product_brand?post=7842"},{"taxonomy":"product_cat","embeddable":true,"href":"https:\/\/eterle.cz\/eshop\/wp-json\/wp\/v2\/product_cat?post=7842"},{"taxonomy":"product_tag","embeddable":true,"href":"https:\/\/eterle.cz\/eshop\/wp-json\/wp\/v2\/product_tag?post=7842"}],"curies":[{"name":"wp","href":"https:\/\/api.w.org\/{rel}","templated":true}]}}