{"id":7846,"date":"2021-10-20T23:07:03","date_gmt":"2021-10-20T21:07:03","guid":{"rendered":"https:\/\/eterle.cz\/eshop\/produkt\/porcelanova-vaza-thomas-4\/"},"modified":"2025-02-16T03:03:41","modified_gmt":"2025-02-16T02:03:41","slug":"porcelanova-vaza-thomas-4","status":"publish","type":"product","link":"https:\/\/eterle.cz\/eshop\/produkt\/porcelanova-vaza-thomas-4\/","title":{"rendered":"Porcel\u00e1nov\u00e1 v\u00e1za \/ Thomas"},"content":{"rendered":"<p>V\u00e1zy s barevn\u00fdm dekorem u\u017e vy\u017eaduj\u00ed trochu zamy\u0161len\u00ed nad vhodn\u00fdm aran\u017em\u00e1. Jednobarevn\u00fdmi kv\u011btinami ale te\u017eko \u0161l\u00e1pnete vedle. Tyto v\u00e1zy maj\u00ed ale i svou v\u00fdhodu, vypadaj\u00ed kr\u00e1sn\u011b, i kdy\u017e v nich zrovna nem\u00e1te \u017e\u00e1dnou kv\u011btinu. Nav\u00edc tato je od zna\u010dky Thomas, kter\u00e1 za sv\u016fj design z\u00edskala u\u017e v\u00edce jak 50 mezin\u00e1rodn\u011b uzn\u00e1van\u00fdch ocen\u011bn\u00ed.<\/p>\n<p>Stav: perfektn\u00ed<br \/>\nZna\u010dka: Thomas, Germany<br \/>\nRozm\u011br<br \/>\nV\u00fd\u0161ka: 23 cm<br \/>\nOtvor: 5,5 x 4,5 cm<\/p>\n","protected":false},"excerpt":{"rendered":"<p>V\u00e1zy s barevn\u00fdm dekorem u\u017e vy\u017eaduj\u00ed trochu zamy\u0161len\u00ed nad vhodn\u00fdm aran\u017em\u00e1. Jednobarevn\u00fdmi kv\u011btinami ale te\u017eko \u0161l\u00e1pnete vedle. Tyto v\u00e1zy maj\u00ed<\/p>\n","protected":false},"featured_media":7847,"template":"","meta":[],"product_brand":[153],"product_cat":[91],"product_tag":[],"class_list":{"0":"post-7846","1":"product","2":"type-product","3":"status-publish","4":"has-post-thumbnail","6":"product_brand-eterle-cz","7":"product_cat-prodane","9":"first","10":"outofstock","11":"purchasable","12":"product-type-simple"},"_links":{"self":[{"href":"https:\/\/eterle.cz\/eshop\/wp-json\/wp\/v2\/product\/7846","targetHints":{"allow":["GET"]}}],"collection":[{"href":"https:\/\/eterle.cz\/eshop\/wp-json\/wp\/v2\/product"}],"about":[{"href":"https:\/\/eterle.cz\/eshop\/wp-json\/wp\/v2\/types\/product"}],"version-history":[{"count":0,"href":"https:\/\/eterle.cz\/eshop\/wp-json\/wp\/v2\/product\/7846\/revisions"}],"wp:featuredmedia":[{"embeddable":true,"href":"https:\/\/eterle.cz\/eshop\/wp-json\/wp\/v2\/media\/7847"}],"wp:attachment":[{"href":"https:\/\/eterle.cz\/eshop\/wp-json\/wp\/v2\/media?parent=7846"}],"wp:term":[{"taxonomy":"product_brand","embeddable":true,"href":"https:\/\/eterle.cz\/eshop\/wp-json\/wp\/v2\/product_brand?post=7846"},{"taxonomy":"product_cat","embeddable":true,"href":"https:\/\/eterle.cz\/eshop\/wp-json\/wp\/v2\/product_cat?post=7846"},{"taxonomy":"product_tag","embeddable":true,"href":"https:\/\/eterle.cz\/eshop\/wp-json\/wp\/v2\/product_tag?post=7846"}],"curies":[{"name":"wp","href":"https:\/\/api.w.org\/{rel}","templated":true}]}}