{"id":7852,"date":"2021-10-20T23:07:32","date_gmt":"2021-10-20T21:07:32","guid":{"rendered":"https:\/\/eterle.cz\/eshop\/produkt\/lita-vaza-pavel-panek\/"},"modified":"2025-02-16T03:03:41","modified_gmt":"2025-02-16T02:03:41","slug":"lita-vaza-pavel-panek","status":"publish","type":"product","link":"https:\/\/eterle.cz\/eshop\/produkt\/lita-vaza-pavel-panek\/","title":{"rendered":"Lit\u00e1 v\u00e1za \/ Pavel P\u00e1nek"},"content":{"rendered":"<p>Autorsk\u00e1 v\u00e1za od Pavla P\u00e1nka je vyrobena z \u010dir\u00e9ho lisovan\u00e9ho skla ve skl\u00e1rn\u011b v Rosic\u00edch, 1973.  Jedn\u00e1 se o vzor 2301. V\u00e1za pot\u011b\u0161\u00ed sb\u011bratele nebo milovn\u00edky 70. let.<\/p>\n<p>Stav: perfektn\u00ed<br \/>\nZna\u010dka: Pavel P\u00e1nek<br \/>\nRozm\u011br<br \/>\nV\u00fd\u0161ka: 22,5 cm<br \/>\nOtvor: 9,5 x 7 cm<\/p>\n","protected":false},"excerpt":{"rendered":"<p>Autorsk\u00e1 v\u00e1za od Pavla P\u00e1nka je vyrobena z \u010dir\u00e9ho lisovan\u00e9ho skla ve skl\u00e1rn\u011b v Rosic\u00edch, 1973. Jedn\u00e1 se o vzor<\/p>\n","protected":false},"featured_media":7853,"template":"","meta":[],"product_brand":[153],"product_cat":[91],"product_tag":[],"class_list":{"0":"post-7852","1":"product","2":"type-product","3":"status-publish","4":"has-post-thumbnail","6":"product_brand-eterle-cz","7":"product_cat-prodane","9":"first","10":"outofstock","11":"purchasable","12":"product-type-simple"},"_links":{"self":[{"href":"https:\/\/eterle.cz\/eshop\/wp-json\/wp\/v2\/product\/7852","targetHints":{"allow":["GET"]}}],"collection":[{"href":"https:\/\/eterle.cz\/eshop\/wp-json\/wp\/v2\/product"}],"about":[{"href":"https:\/\/eterle.cz\/eshop\/wp-json\/wp\/v2\/types\/product"}],"version-history":[{"count":0,"href":"https:\/\/eterle.cz\/eshop\/wp-json\/wp\/v2\/product\/7852\/revisions"}],"wp:featuredmedia":[{"embeddable":true,"href":"https:\/\/eterle.cz\/eshop\/wp-json\/wp\/v2\/media\/7853"}],"wp:attachment":[{"href":"https:\/\/eterle.cz\/eshop\/wp-json\/wp\/v2\/media?parent=7852"}],"wp:term":[{"taxonomy":"product_brand","embeddable":true,"href":"https:\/\/eterle.cz\/eshop\/wp-json\/wp\/v2\/product_brand?post=7852"},{"taxonomy":"product_cat","embeddable":true,"href":"https:\/\/eterle.cz\/eshop\/wp-json\/wp\/v2\/product_cat?post=7852"},{"taxonomy":"product_tag","embeddable":true,"href":"https:\/\/eterle.cz\/eshop\/wp-json\/wp\/v2\/product_tag?post=7852"}],"curies":[{"name":"wp","href":"https:\/\/api.w.org\/{rel}","templated":true}]}}