{"id":7856,"date":"2021-10-20T23:07:48","date_gmt":"2021-10-20T21:07:48","guid":{"rendered":"https:\/\/eterle.cz\/eshop\/produkt\/sklenena-vaza-styl-versace\/"},"modified":"2025-02-16T03:03:40","modified_gmt":"2025-02-16T02:03:40","slug":"sklenena-vaza-styl-versace","status":"publish","type":"product","link":"https:\/\/eterle.cz\/eshop\/produkt\/sklenena-vaza-styl-versace\/","title":{"rendered":"Sklen\u011bn\u00e1 v\u00e1za styl Versace"},"content":{"rendered":"<p>M\u00e1me tady i n\u011bco modern\u011bj\u0161\u00edho ra\u017een\u00ed. Velmi t\u011b\u017ekou sklen\u011bnou v\u00e1zu se zlat\u00fdmi detaily. Jakoby v n\u00ed byly zalisovan\u00e9 pl\u00e1tky zlata nebo jakoby po n\u00ed st\u00e9kal zlat\u00fd d\u00e9\u0161\u0165 a kapky se na ni zachytily. Fantazii se meze nekladou, mo\u017en\u00e1 ve v\u00e1s vyvol\u00e1 zcela jin\u00e9 p\u0159edstavy. Ka\u017edop\u00e1dn\u011b jde o v\u00e1zu mimo\u0159\u00e1dn\u00e9 estetick\u00e9 hodnoty.<\/p>\n<p>Stav: perfektn\u00ed<br \/>\nRozm\u011br<br \/>\nV\u00fd\u0161ka: 28 cm<br \/>\nPr\u016fm\u011br otvoru: 6,5 cm<br \/>\nPr\u016fm\u011br dna: 19 cm<\/p>\n","protected":false},"excerpt":{"rendered":"<p>M\u00e1me tady i n\u011bco modern\u011bj\u0161\u00edho ra\u017een\u00ed. Velmi t\u011b\u017ekou sklen\u011bnou v\u00e1zu se zlat\u00fdmi detaily. Jakoby v n\u00ed byly zalisovan\u00e9 pl\u00e1tky zlata<\/p>\n","protected":false},"featured_media":7857,"template":"","meta":[],"product_brand":[153],"product_cat":[91],"product_tag":[],"class_list":{"0":"post-7856","1":"product","2":"type-product","3":"status-publish","4":"has-post-thumbnail","6":"product_brand-eterle-cz","7":"product_cat-prodane","9":"first","10":"outofstock","11":"purchasable","12":"product-type-simple"},"_links":{"self":[{"href":"https:\/\/eterle.cz\/eshop\/wp-json\/wp\/v2\/product\/7856","targetHints":{"allow":["GET"]}}],"collection":[{"href":"https:\/\/eterle.cz\/eshop\/wp-json\/wp\/v2\/product"}],"about":[{"href":"https:\/\/eterle.cz\/eshop\/wp-json\/wp\/v2\/types\/product"}],"version-history":[{"count":0,"href":"https:\/\/eterle.cz\/eshop\/wp-json\/wp\/v2\/product\/7856\/revisions"}],"wp:featuredmedia":[{"embeddable":true,"href":"https:\/\/eterle.cz\/eshop\/wp-json\/wp\/v2\/media\/7857"}],"wp:attachment":[{"href":"https:\/\/eterle.cz\/eshop\/wp-json\/wp\/v2\/media?parent=7856"}],"wp:term":[{"taxonomy":"product_brand","embeddable":true,"href":"https:\/\/eterle.cz\/eshop\/wp-json\/wp\/v2\/product_brand?post=7856"},{"taxonomy":"product_cat","embeddable":true,"href":"https:\/\/eterle.cz\/eshop\/wp-json\/wp\/v2\/product_cat?post=7856"},{"taxonomy":"product_tag","embeddable":true,"href":"https:\/\/eterle.cz\/eshop\/wp-json\/wp\/v2\/product_tag?post=7856"}],"curies":[{"name":"wp","href":"https:\/\/api.w.org\/{rel}","templated":true}]}}