{"id":7860,"date":"2021-10-20T23:08:03","date_gmt":"2021-10-20T21:08:03","guid":{"rendered":"https:\/\/eterle.cz\/eshop\/produkt\/sklenena-cerna-vaza\/"},"modified":"2025-02-16T03:03:40","modified_gmt":"2025-02-16T02:03:40","slug":"sklenena-cerna-vaza","status":"publish","type":"product","link":"https:\/\/eterle.cz\/eshop\/produkt\/sklenena-cerna-vaza\/","title":{"rendered":"Sklen\u011bn\u00e1 \u010dern\u00e1 v\u00e1za"},"content":{"rendered":"<p>M\u00e1te-li r\u00e1di kontrasty, tato sklen\u011bn\u00e1 \u010dern\u00e1 v\u00e1za by pro v\u00e1s mohla b\u00fdt tou pravou volbou. Slu\u0161et to v n\u00ed bude zejm\u00e9na b\u00edl\u00fdm kv\u011btin\u00e1m, ale podle n\u00e1s neud\u011bl\u00e1te na podzim chybu ani s hn\u011bdou chundelatou tr\u00e1vou. V\u00e1za m\u00e1 jednoduch\u00e9 linie, \u010dist\u00fd tvar a zaj\u00edmav\u00fd detail v podob\u011b ozdobn\u00e9ho lemu.<\/p>\n<p>Stav: t\u00e9m\u011b\u0159 perfektn\u00ed, na jednom m\u00edst\u011b na okraji dv\u011b milimetrov\u00e9 b\u00edl\u00e9 te\u010dky<br \/>\nRozm\u011br<br \/>\nV\u00fd\u0161ka: 30,5 cm<br \/>\nPr\u016fm\u011br otvoru: 16 cm<\/p>\n","protected":false},"excerpt":{"rendered":"<p>M\u00e1te-li r\u00e1di kontrasty, tato sklen\u011bn\u00e1 \u010dern\u00e1 v\u00e1za by pro v\u00e1s mohla b\u00fdt tou pravou volbou. Slu\u0161et to v n\u00ed bude<\/p>\n","protected":false},"featured_media":7861,"template":"","meta":[],"product_brand":[153],"product_cat":[91],"product_tag":[],"class_list":{"0":"post-7860","1":"product","2":"type-product","3":"status-publish","4":"has-post-thumbnail","6":"product_brand-eterle-cz","7":"product_cat-prodane","9":"first","10":"outofstock","11":"purchasable","12":"product-type-simple"},"_links":{"self":[{"href":"https:\/\/eterle.cz\/eshop\/wp-json\/wp\/v2\/product\/7860","targetHints":{"allow":["GET"]}}],"collection":[{"href":"https:\/\/eterle.cz\/eshop\/wp-json\/wp\/v2\/product"}],"about":[{"href":"https:\/\/eterle.cz\/eshop\/wp-json\/wp\/v2\/types\/product"}],"version-history":[{"count":0,"href":"https:\/\/eterle.cz\/eshop\/wp-json\/wp\/v2\/product\/7860\/revisions"}],"wp:featuredmedia":[{"embeddable":true,"href":"https:\/\/eterle.cz\/eshop\/wp-json\/wp\/v2\/media\/7861"}],"wp:attachment":[{"href":"https:\/\/eterle.cz\/eshop\/wp-json\/wp\/v2\/media?parent=7860"}],"wp:term":[{"taxonomy":"product_brand","embeddable":true,"href":"https:\/\/eterle.cz\/eshop\/wp-json\/wp\/v2\/product_brand?post=7860"},{"taxonomy":"product_cat","embeddable":true,"href":"https:\/\/eterle.cz\/eshop\/wp-json\/wp\/v2\/product_cat?post=7860"},{"taxonomy":"product_tag","embeddable":true,"href":"https:\/\/eterle.cz\/eshop\/wp-json\/wp\/v2\/product_tag?post=7860"}],"curies":[{"name":"wp","href":"https:\/\/api.w.org\/{rel}","templated":true}]}}