{"id":7865,"date":"2021-10-20T23:08:26","date_gmt":"2021-10-20T21:08:26","guid":{"rendered":"https:\/\/eterle.cz\/eshop\/produkt\/porcelanova-vaza-bareuther\/"},"modified":"2025-02-16T03:03:40","modified_gmt":"2025-02-16T02:03:40","slug":"porcelanova-vaza-bareuther","status":"publish","type":"product","link":"https:\/\/eterle.cz\/eshop\/produkt\/porcelanova-vaza-bareuther\/","title":{"rendered":"Porcel\u00e1nov\u00e1 v\u00e1za \/ Bareuther"},"content":{"rendered":"<p>Op\u011bt jedna v\u00e1za s dekorem pro &#8222;odv\u00e1\u017elivce&#8220; nebo zku\u0161en\u00e9 aran\u017e\u00e9ry. V\u00e1za p\u0159ipom\u00ednaj\u00edc\u00ed tvarem amforu je podle n\u00e1s skvostn\u00e1, ale ch\u00e1peme, \u017ee nebude pro ka\u017ed\u00e9ho. Kr\u00e1sn\u011b se bude vyj\u00edmat na hn\u011bd\u00e9m tmav\u0161\u00edm d\u0159ev\u011b a bude ozdobou sama o sob\u011b. Podle zna\u010den\u00ed poch\u00e1z\u00ed z let 1970-1993.<\/p>\n<p>Stav: perfektn\u00ed<br \/>\nZna\u010dka: Bareuther Waldsessen, Bavaria Germany<br \/>\nRozm\u011br<br \/>\nV\u00fd\u0161ka: 25,5 cm<br \/>\nPr\u016fm\u011br otvoru: 9,5 cm<\/p>\n","protected":false},"excerpt":{"rendered":"<p>Op\u011bt jedna v\u00e1za s dekorem pro &#8222;odv\u00e1\u017elivce&#8220; nebo zku\u0161en\u00e9 aran\u017e\u00e9ry. V\u00e1za p\u0159ipom\u00ednaj\u00edc\u00ed tvarem amforu je podle n\u00e1s skvostn\u00e1, ale ch\u00e1peme,<\/p>\n","protected":false},"featured_media":7866,"template":"","meta":[],"product_brand":[153],"product_cat":[91],"product_tag":[],"class_list":{"0":"post-7865","1":"product","2":"type-product","3":"status-publish","4":"has-post-thumbnail","6":"product_brand-eterle-cz","7":"product_cat-prodane","9":"first","10":"outofstock","11":"purchasable","12":"product-type-simple"},"_links":{"self":[{"href":"https:\/\/eterle.cz\/eshop\/wp-json\/wp\/v2\/product\/7865","targetHints":{"allow":["GET"]}}],"collection":[{"href":"https:\/\/eterle.cz\/eshop\/wp-json\/wp\/v2\/product"}],"about":[{"href":"https:\/\/eterle.cz\/eshop\/wp-json\/wp\/v2\/types\/product"}],"version-history":[{"count":0,"href":"https:\/\/eterle.cz\/eshop\/wp-json\/wp\/v2\/product\/7865\/revisions"}],"wp:featuredmedia":[{"embeddable":true,"href":"https:\/\/eterle.cz\/eshop\/wp-json\/wp\/v2\/media\/7866"}],"wp:attachment":[{"href":"https:\/\/eterle.cz\/eshop\/wp-json\/wp\/v2\/media?parent=7865"}],"wp:term":[{"taxonomy":"product_brand","embeddable":true,"href":"https:\/\/eterle.cz\/eshop\/wp-json\/wp\/v2\/product_brand?post=7865"},{"taxonomy":"product_cat","embeddable":true,"href":"https:\/\/eterle.cz\/eshop\/wp-json\/wp\/v2\/product_cat?post=7865"},{"taxonomy":"product_tag","embeddable":true,"href":"https:\/\/eterle.cz\/eshop\/wp-json\/wp\/v2\/product_tag?post=7865"}],"curies":[{"name":"wp","href":"https:\/\/api.w.org\/{rel}","templated":true}]}}