{"id":7876,"date":"2021-10-20T23:09:18","date_gmt":"2021-10-20T21:09:18","guid":{"rendered":"https:\/\/eterle.cz\/eshop\/produkt\/keramicka-vaza-3\/"},"modified":"2025-02-16T03:03:39","modified_gmt":"2025-02-16T02:03:39","slug":"keramicka-vaza-3","status":"publish","type":"product","link":"https:\/\/eterle.cz\/eshop\/produkt\/keramicka-vaza-3\/","title":{"rendered":"Keramick\u00e1 v\u00e1za"},"content":{"rendered":"<p>Keramick\u00e1 v\u00e1za pro milovn\u00edky 70. let. V\u00e1za m\u00e1 kruhov\u00e9 vlisy a byla vyrobena v \u010ceskoslovensku. V\u00e1zu m\u00e1me i ve <a href=\"https:\/\/eterle.cz\/eshop\/produkt\/keramicka-vaza-2\/\">sv\u011btlej\u0161\u00edm proveden\u00ed<\/a> a bude jim to podle n\u00e1s slu\u0161et v p\u00e1ru. Ide\u00e1ln\u00ed na podzimn\u00ed dekorace &#8211; tr\u00e1vu, \u0161\u00edpky nebo lampiony (mochyn\u011b \u017eidovsk\u00e1).<\/p>\n<p>Stav: perfektn\u00ed<br \/>\nRozm\u011br<br \/>\nV\u00fd\u0161ka: 27,5 cm<br \/>\nOtvor: 6 x 4 cm<\/p>\n","protected":false},"excerpt":{"rendered":"<p>Keramick\u00e1 v\u00e1za pro milovn\u00edky 70. let. V\u00e1za m\u00e1 kruhov\u00e9 vlisy a byla vyrobena v \u010ceskoslovensku. V\u00e1zu m\u00e1me i ve sv\u011btlej\u0161\u00edm<\/p>\n","protected":false},"featured_media":7877,"template":"","meta":[],"product_brand":[153],"product_cat":[91],"product_tag":[],"class_list":{"0":"post-7876","1":"product","2":"type-product","3":"status-publish","4":"has-post-thumbnail","6":"product_brand-eterle-cz","7":"product_cat-prodane","9":"first","10":"outofstock","11":"purchasable","12":"product-type-simple"},"_links":{"self":[{"href":"https:\/\/eterle.cz\/eshop\/wp-json\/wp\/v2\/product\/7876","targetHints":{"allow":["GET"]}}],"collection":[{"href":"https:\/\/eterle.cz\/eshop\/wp-json\/wp\/v2\/product"}],"about":[{"href":"https:\/\/eterle.cz\/eshop\/wp-json\/wp\/v2\/types\/product"}],"version-history":[{"count":0,"href":"https:\/\/eterle.cz\/eshop\/wp-json\/wp\/v2\/product\/7876\/revisions"}],"wp:featuredmedia":[{"embeddable":true,"href":"https:\/\/eterle.cz\/eshop\/wp-json\/wp\/v2\/media\/7877"}],"wp:attachment":[{"href":"https:\/\/eterle.cz\/eshop\/wp-json\/wp\/v2\/media?parent=7876"}],"wp:term":[{"taxonomy":"product_brand","embeddable":true,"href":"https:\/\/eterle.cz\/eshop\/wp-json\/wp\/v2\/product_brand?post=7876"},{"taxonomy":"product_cat","embeddable":true,"href":"https:\/\/eterle.cz\/eshop\/wp-json\/wp\/v2\/product_cat?post=7876"},{"taxonomy":"product_tag","embeddable":true,"href":"https:\/\/eterle.cz\/eshop\/wp-json\/wp\/v2\/product_tag?post=7876"}],"curies":[{"name":"wp","href":"https:\/\/api.w.org\/{rel}","templated":true}]}}