{"id":7886,"date":"2021-10-20T23:10:20","date_gmt":"2021-10-20T21:10:20","guid":{"rendered":"https:\/\/eterle.cz\/eshop\/produkt\/lita-vaza-jiri-zejmon\/"},"modified":"2025-02-16T03:03:39","modified_gmt":"2025-02-16T02:03:39","slug":"lita-vaza-jiri-zejmon","status":"publish","type":"product","link":"https:\/\/eterle.cz\/eshop\/produkt\/lita-vaza-jiri-zejmon\/","title":{"rendered":"Lit\u00e1 v\u00e1za \/ Ji\u0159\u00ed Zejmon"},"content":{"rendered":"<p>Autorsk\u00e1 lit\u00e1 v\u00e1za z 60. let od n\u00e1vrh\u00e1\u0159e Ji\u0159\u00edho Zejmona. Jedn\u00e1 se o ru\u010dn\u011b lisovan\u00e9 \u010dir\u00e9 sklo. Sklo Union Teplice ze skl\u00e1rny Rudolfova Hu\u0165. \u010c\u00edslo vzoru 13226\/23.<\/p>\n<p>Stav: perfektn\u00ed<br \/>\nZna\u010dka: Ji\u0159\u00ed Zejmon, Rudolfova Hu\u0165<br \/>\nRozm\u011br<br \/>\nV\u00fd\u0161ka: 24,5 cm<br \/>\nOtvoru: 10 x 10 cm<\/p>\n","protected":false},"excerpt":{"rendered":"<p>Autorsk\u00e1 lit\u00e1 v\u00e1za z 60. let od n\u00e1vrh\u00e1\u0159e Ji\u0159\u00edho Zejmona. Jedn\u00e1 se o ru\u010dn\u011b lisovan\u00e9 \u010dir\u00e9 sklo. Sklo Union Teplice<\/p>\n","protected":false},"featured_media":7887,"template":"","meta":[],"product_brand":[153],"product_cat":[91],"product_tag":[],"class_list":{"0":"post-7886","1":"product","2":"type-product","3":"status-publish","4":"has-post-thumbnail","6":"product_brand-eterle-cz","7":"product_cat-prodane","9":"first","10":"outofstock","11":"purchasable","12":"product-type-simple"},"_links":{"self":[{"href":"https:\/\/eterle.cz\/eshop\/wp-json\/wp\/v2\/product\/7886","targetHints":{"allow":["GET"]}}],"collection":[{"href":"https:\/\/eterle.cz\/eshop\/wp-json\/wp\/v2\/product"}],"about":[{"href":"https:\/\/eterle.cz\/eshop\/wp-json\/wp\/v2\/types\/product"}],"version-history":[{"count":0,"href":"https:\/\/eterle.cz\/eshop\/wp-json\/wp\/v2\/product\/7886\/revisions"}],"wp:featuredmedia":[{"embeddable":true,"href":"https:\/\/eterle.cz\/eshop\/wp-json\/wp\/v2\/media\/7887"}],"wp:attachment":[{"href":"https:\/\/eterle.cz\/eshop\/wp-json\/wp\/v2\/media?parent=7886"}],"wp:term":[{"taxonomy":"product_brand","embeddable":true,"href":"https:\/\/eterle.cz\/eshop\/wp-json\/wp\/v2\/product_brand?post=7886"},{"taxonomy":"product_cat","embeddable":true,"href":"https:\/\/eterle.cz\/eshop\/wp-json\/wp\/v2\/product_cat?post=7886"},{"taxonomy":"product_tag","embeddable":true,"href":"https:\/\/eterle.cz\/eshop\/wp-json\/wp\/v2\/product_tag?post=7886"}],"curies":[{"name":"wp","href":"https:\/\/api.w.org\/{rel}","templated":true}]}}