{"id":7896,"date":"2021-10-20T23:11:12","date_gmt":"2021-10-20T21:11:12","guid":{"rendered":"https:\/\/eterle.cz\/eshop\/produkt\/brousena-vaza-2\/"},"modified":"2025-02-16T03:03:38","modified_gmt":"2025-02-16T02:03:38","slug":"brousena-vaza-2","status":"publish","type":"product","link":"https:\/\/eterle.cz\/eshop\/produkt\/brousena-vaza-2\/","title":{"rendered":"Brou\u0161en\u00e1 v\u00e1za"},"content":{"rendered":"<p>K\u0159i\u0161\u0165\u00e1lov\u00e1 v\u00e1za s brou\u0161en\u00fdmi kv\u011bty evokuj\u00edc\u00ed zamrzl\u00e9 okno. Sv\u00fdm tvarem i dekorem je vhodn\u00e1 t\u00e9m\u011b\u0159 na jak\u00e9koliv kv\u011btinov\u00e9 aran\u017em\u00e1. Slu\u0161et to v n\u00ed bude jak jednoduhov\u00fdm kv\u011btin\u00e1m, tak slo\u017eit\u011bj\u0161\u00edm vazb\u00e1m.<\/p>\n<p>Stav:perfektn\u00ed<br \/>\nRorm\u011br<br \/>\nV\u00fd\u0161ka: 20,5 cm<br \/>\nPr\u016fm\u011br otvoru: 11,5 cm<\/p>\n","protected":false},"excerpt":{"rendered":"<p>K\u0159i\u0161\u0165\u00e1lov\u00e1 v\u00e1za s brou\u0161en\u00fdmi kv\u011bty evokuj\u00edc\u00ed zamrzl\u00e9 okno. Sv\u00fdm tvarem i dekorem je vhodn\u00e1 t\u00e9m\u011b\u0159 na jak\u00e9koliv kv\u011btinov\u00e9 aran\u017em\u00e1. Slu\u0161et<\/p>\n","protected":false},"featured_media":7897,"template":"","meta":[],"product_brand":[153],"product_cat":[91],"product_tag":[],"class_list":{"0":"post-7896","1":"product","2":"type-product","3":"status-publish","4":"has-post-thumbnail","6":"product_brand-eterle-cz","7":"product_cat-prodane","9":"first","10":"outofstock","11":"purchasable","12":"product-type-simple"},"_links":{"self":[{"href":"https:\/\/eterle.cz\/eshop\/wp-json\/wp\/v2\/product\/7896","targetHints":{"allow":["GET"]}}],"collection":[{"href":"https:\/\/eterle.cz\/eshop\/wp-json\/wp\/v2\/product"}],"about":[{"href":"https:\/\/eterle.cz\/eshop\/wp-json\/wp\/v2\/types\/product"}],"version-history":[{"count":0,"href":"https:\/\/eterle.cz\/eshop\/wp-json\/wp\/v2\/product\/7896\/revisions"}],"wp:featuredmedia":[{"embeddable":true,"href":"https:\/\/eterle.cz\/eshop\/wp-json\/wp\/v2\/media\/7897"}],"wp:attachment":[{"href":"https:\/\/eterle.cz\/eshop\/wp-json\/wp\/v2\/media?parent=7896"}],"wp:term":[{"taxonomy":"product_brand","embeddable":true,"href":"https:\/\/eterle.cz\/eshop\/wp-json\/wp\/v2\/product_brand?post=7896"},{"taxonomy":"product_cat","embeddable":true,"href":"https:\/\/eterle.cz\/eshop\/wp-json\/wp\/v2\/product_cat?post=7896"},{"taxonomy":"product_tag","embeddable":true,"href":"https:\/\/eterle.cz\/eshop\/wp-json\/wp\/v2\/product_tag?post=7896"}],"curies":[{"name":"wp","href":"https:\/\/api.w.org\/{rel}","templated":true}]}}