{"id":7901,"date":"2021-10-20T23:11:37","date_gmt":"2021-10-20T21:11:37","guid":{"rendered":"https:\/\/eterle.cz\/eshop\/produkt\/lita-vaza\/"},"modified":"2026-02-18T18:57:49","modified_gmt":"2026-02-18T17:57:49","slug":"lita-vaza","status":"publish","type":"product","link":"https:\/\/eterle.cz\/eshop\/produkt\/lita-vaza\/","title":{"rendered":"Lit\u00e1 v\u00e1za"},"content":{"rendered":"<p>Men\u0161\u00ed lit\u00e1 v\u00e1za s kosen\u00fdmi hranami p\u016fsob\u00ed kubisticky. Bude v\u00e1m kr\u00e1sn\u011b slou\u017eit na kv\u011btinov\u00e1 arna\u017em\u00e1 po cel\u00fd rok. Na ja\u0159e ne\u0161l\u00e1pnete vedle s tulip\u00e1ny \u010di narcisy, v l\u00e9t\u011b m\u016f\u017eete zvolit jak\u00e9koliv kv\u011btiny ze zahr\u00e1dky, na podzim ji sta\u010d\u00ed i oby\u010dejn\u00e9 \u0161ipky a v zim\u011b mal\u00e9 zelen\u00e9 v\u011btvi\u010dky s pern\u00ed\u010dkama.<\/p>\n<p>Stav: perfektn\u00ed<br \/>\nRozm\u011br<br \/>\nV\u00fd\u0161ka: 16 cm<br \/>\nPr\u016fm\u011br otvoru: 9,5 cm<\/p>\n","protected":false},"excerpt":{"rendered":"<p>Men\u0161\u00ed lit\u00e1 v\u00e1za s kosen\u00fdmi hranami p\u016fsob\u00ed kubisticky. Bude v\u00e1m kr\u00e1sn\u011b slou\u017eit na kv\u011btinov\u00e1 arna\u017em\u00e1 po cel\u00fd rok. Na ja\u0159e<\/p>\n","protected":false},"featured_media":7902,"template":"","meta":[],"product_brand":[153],"product_cat":[94],"product_tag":[],"class_list":{"0":"post-7901","1":"product","2":"type-product","3":"status-publish","4":"has-post-thumbnail","6":"product_brand-eterle-cz","7":"product_cat-vazy","9":"first","10":"instock","11":"purchasable","12":"product-type-simple"},"_links":{"self":[{"href":"https:\/\/eterle.cz\/eshop\/wp-json\/wp\/v2\/product\/7901","targetHints":{"allow":["GET"]}}],"collection":[{"href":"https:\/\/eterle.cz\/eshop\/wp-json\/wp\/v2\/product"}],"about":[{"href":"https:\/\/eterle.cz\/eshop\/wp-json\/wp\/v2\/types\/product"}],"version-history":[{"count":2,"href":"https:\/\/eterle.cz\/eshop\/wp-json\/wp\/v2\/product\/7901\/revisions"}],"predecessor-version":[{"id":34367,"href":"https:\/\/eterle.cz\/eshop\/wp-json\/wp\/v2\/product\/7901\/revisions\/34367"}],"wp:featuredmedia":[{"embeddable":true,"href":"https:\/\/eterle.cz\/eshop\/wp-json\/wp\/v2\/media\/7902"}],"wp:attachment":[{"href":"https:\/\/eterle.cz\/eshop\/wp-json\/wp\/v2\/media?parent=7901"}],"wp:term":[{"taxonomy":"product_brand","embeddable":true,"href":"https:\/\/eterle.cz\/eshop\/wp-json\/wp\/v2\/product_brand?post=7901"},{"taxonomy":"product_cat","embeddable":true,"href":"https:\/\/eterle.cz\/eshop\/wp-json\/wp\/v2\/product_cat?post=7901"},{"taxonomy":"product_tag","embeddable":true,"href":"https:\/\/eterle.cz\/eshop\/wp-json\/wp\/v2\/product_tag?post=7901"}],"curies":[{"name":"wp","href":"https:\/\/api.w.org\/{rel}","templated":true}]}}