{"id":8035,"date":"2021-11-24T16:08:55","date_gmt":"2021-11-24T15:08:55","guid":{"rendered":"https:\/\/eterle.cz\/eshop\/?post_type=product&#038;p=8035"},"modified":"2025-06-24T01:51:48","modified_gmt":"2025-06-23T23:51:48","slug":"darkovy-poukaz-na-500-kc","status":"publish","type":"product","link":"https:\/\/eterle.cz\/eshop\/produkt\/darkovy-poukaz-na-500-kc\/","title":{"rendered":"D\u00e1rkov\u00fd poukaz na 500 K\u010d"},"content":{"rendered":"<p class=\"-wm-MsoNormal\">V\u00edte, \u017ee byste va\u0161e bl\u00edzk\u00e9 pot\u011b\u0161ili n\u011bjak\u00fdm hezk\u00fdm vintage kouskem, ale nejste si jisti, zda zvolit v\u00e1zu, hrne\u010dek nebo t\u0159eba dokonce n\u011bco v\u011bt\u0161\u00edho v\u00a0podob\u011b sv\u011btla \u010di \u017eidle? Ud\u011blejte jim radost poukazem a v\u00fdb\u011br nechte na nich. Eshop pr\u016fb\u011b\u017en\u011b dopl\u0148ujeme.<\/p>\n<p class=\"-wm-MsoNormal\">Poukaz je zas\u00edl\u00e1n elektronicky a je tak\u00e9 v\u00a0hodnot\u011b <a href=\"https:\/\/eterle.cz\/eshop\/produkt\/darkovy-poukaz-na-1-000-kc\/\">1000,- K\u010d<\/a><i>. <\/i>Platnost je 1 rok od zakoupen\u00ed.<\/p>\n","protected":false},"excerpt":{"rendered":"<p>V\u00edte, \u017ee byste va\u0161e bl\u00edzk\u00e9 pot\u011b\u0161ili n\u011bjak\u00fdm hezk\u00fdm vintage kouskem, ale nejste si jisti, zda zvolit v\u00e1zu, hrne\u010dek nebo t\u0159eba<\/p>\n","protected":false},"featured_media":8037,"template":"","meta":[],"product_brand":[153],"product_cat":[97],"product_tag":[],"class_list":{"0":"post-8035","1":"product","2":"type-product","3":"status-publish","4":"has-post-thumbnail","6":"product_brand-eterle-cz","7":"product_cat-darkove-poukazy","8":"product_shipping_class-nadrozmerne","10":"first","11":"instock","12":"virtual","13":"purchasable","14":"product-type-simple"},"_links":{"self":[{"href":"https:\/\/eterle.cz\/eshop\/wp-json\/wp\/v2\/product\/8035","targetHints":{"allow":["GET"]}}],"collection":[{"href":"https:\/\/eterle.cz\/eshop\/wp-json\/wp\/v2\/product"}],"about":[{"href":"https:\/\/eterle.cz\/eshop\/wp-json\/wp\/v2\/types\/product"}],"version-history":[{"count":2,"href":"https:\/\/eterle.cz\/eshop\/wp-json\/wp\/v2\/product\/8035\/revisions"}],"predecessor-version":[{"id":26009,"href":"https:\/\/eterle.cz\/eshop\/wp-json\/wp\/v2\/product\/8035\/revisions\/26009"}],"wp:featuredmedia":[{"embeddable":true,"href":"https:\/\/eterle.cz\/eshop\/wp-json\/wp\/v2\/media\/8037"}],"wp:attachment":[{"href":"https:\/\/eterle.cz\/eshop\/wp-json\/wp\/v2\/media?parent=8035"}],"wp:term":[{"taxonomy":"product_brand","embeddable":true,"href":"https:\/\/eterle.cz\/eshop\/wp-json\/wp\/v2\/product_brand?post=8035"},{"taxonomy":"product_cat","embeddable":true,"href":"https:\/\/eterle.cz\/eshop\/wp-json\/wp\/v2\/product_cat?post=8035"},{"taxonomy":"product_tag","embeddable":true,"href":"https:\/\/eterle.cz\/eshop\/wp-json\/wp\/v2\/product_tag?post=8035"}],"curies":[{"name":"wp","href":"https:\/\/api.w.org\/{rel}","templated":true}]}}