{"id":8094,"date":"2021-12-10T10:34:25","date_gmt":"2021-12-10T09:34:25","guid":{"rendered":"https:\/\/eterle.cz\/eshop\/produkt\/popelnik-rosenthal\/"},"modified":"2025-02-16T03:03:37","modified_gmt":"2025-02-16T02:03:37","slug":"popelnik-rosenthal","status":"publish","type":"product","link":"https:\/\/eterle.cz\/eshop\/produkt\/popelnik-rosenthal\/","title":{"rendered":"Popeln\u00edk \/ Rosenthal"},"content":{"rendered":"<p>Kdy\u017e u\u017e n\u011bkdo kou\u0159\u00ed, tak alespo\u0148 stylov\u011b\u2026Porcel\u00e1nov\u00fd polen\u00edk od zna\u010dky Rosenthal jist\u011b povznese tento &#8222;zlozvyk&#8220; na vy\u0161\u0161\u00ed \u00farove\u0148. Sv\u00fdm minimalistick\u00fdm a elegannt\u00edm stylem se bude hodit jak do zcela modern\u00edho, tak retro interi\u00e9ru.<\/p>\n<p>Stav: na spodn\u00ed hran\u011b mal\u00fd od\u0161t\u011bpek (je vid\u011bt jen, kdy\u017e se popeln\u00edk oto\u010d\u00ed)<br \/>\nZna\u010dka: Rosenthal<br \/>\nRozm\u011br<br \/>\nPr\u016fm\u011br: 14 cm<\/p>\n","protected":false},"excerpt":{"rendered":"<p>Kdy\u017e u\u017e n\u011bkdo kou\u0159\u00ed, tak alespo\u0148 stylov\u011b\u2026Porcel\u00e1nov\u00fd polen\u00edk od zna\u010dky Rosenthal jist\u011b povznese tento &#8222;zlozvyk&#8220; na vy\u0161\u0161\u00ed \u00farove\u0148. Sv\u00fdm minimalistick\u00fdm<\/p>\n","protected":false},"featured_media":8095,"template":"","meta":[],"product_brand":[153],"product_cat":[91],"product_tag":[],"class_list":{"0":"post-8094","1":"product","2":"type-product","3":"status-publish","4":"has-post-thumbnail","6":"product_brand-eterle-cz","7":"product_cat-prodane","9":"first","10":"outofstock","11":"purchasable","12":"product-type-simple"},"_links":{"self":[{"href":"https:\/\/eterle.cz\/eshop\/wp-json\/wp\/v2\/product\/8094","targetHints":{"allow":["GET"]}}],"collection":[{"href":"https:\/\/eterle.cz\/eshop\/wp-json\/wp\/v2\/product"}],"about":[{"href":"https:\/\/eterle.cz\/eshop\/wp-json\/wp\/v2\/types\/product"}],"version-history":[{"count":0,"href":"https:\/\/eterle.cz\/eshop\/wp-json\/wp\/v2\/product\/8094\/revisions"}],"wp:featuredmedia":[{"embeddable":true,"href":"https:\/\/eterle.cz\/eshop\/wp-json\/wp\/v2\/media\/8095"}],"wp:attachment":[{"href":"https:\/\/eterle.cz\/eshop\/wp-json\/wp\/v2\/media?parent=8094"}],"wp:term":[{"taxonomy":"product_brand","embeddable":true,"href":"https:\/\/eterle.cz\/eshop\/wp-json\/wp\/v2\/product_brand?post=8094"},{"taxonomy":"product_cat","embeddable":true,"href":"https:\/\/eterle.cz\/eshop\/wp-json\/wp\/v2\/product_cat?post=8094"},{"taxonomy":"product_tag","embeddable":true,"href":"https:\/\/eterle.cz\/eshop\/wp-json\/wp\/v2\/product_tag?post=8094"}],"curies":[{"name":"wp","href":"https:\/\/api.w.org\/{rel}","templated":true}]}}