{"id":8098,"date":"2021-12-10T10:34:31","date_gmt":"2021-12-10T09:34:31","guid":{"rendered":"https:\/\/eterle.cz\/eshop\/produkt\/funkcionalisticky-vesak-velky\/"},"modified":"2025-02-16T03:03:36","modified_gmt":"2025-02-16T02:03:36","slug":"funkcionalisticky-vesak-velky","status":"publish","type":"product","link":"https:\/\/eterle.cz\/eshop\/produkt\/funkcionalisticky-vesak-velky\/","title":{"rendered":"Funkcionalistick\u00fd v\u011b\u0161\u00e1k (velk\u00fd)"},"content":{"rendered":"<p>Funkcionalistick\u00fd n\u00e1st\u011bnn\u00fd chromov\u00fd trubkov\u00fd v\u011b\u0161\u00e1k. Tolik p\u0159\u00eddavn\u00fdch jmen pro jeden p\u0159edm\u011bt. Vystihuj\u00ed ale v\u0161e, snad jen chyb\u00ed dodat \u201ekr\u00e1sn\u00fd\u201c.<\/p>\n<p>Stav: nov\u011b vyle\u0161t\u011bn\u00fd, ale m\u00edsty je st\u00e1le z\u0159eteln\u00e1 patina<br \/>\nRozm\u011br<br \/>\nD\u00e9lka: 59,4 cm<br \/>\nHloubka: 29 cm<br \/>\nV\u00fd\u0161ka: 30,5 cm<\/p>\n","protected":false},"excerpt":{"rendered":"<p>Funkcionalistick\u00fd n\u00e1st\u011bnn\u00fd chromov\u00fd trubkov\u00fd v\u011b\u0161\u00e1k. Tolik p\u0159\u00eddavn\u00fdch jmen pro jeden p\u0159edm\u011bt. Vystihuj\u00ed ale v\u0161e, snad jen chyb\u00ed dodat \u201ekr\u00e1sn\u00fd\u201c. Stav:<\/p>\n","protected":false},"featured_media":8099,"template":"","meta":[],"product_brand":[153],"product_cat":[91],"product_tag":[],"class_list":{"0":"post-8098","1":"product","2":"type-product","3":"status-publish","4":"has-post-thumbnail","6":"product_brand-eterle-cz","7":"product_cat-prodane","8":"product_shipping_class-nadrozmerne","10":"first","11":"outofstock","12":"purchasable","13":"product-type-simple"},"_links":{"self":[{"href":"https:\/\/eterle.cz\/eshop\/wp-json\/wp\/v2\/product\/8098","targetHints":{"allow":["GET"]}}],"collection":[{"href":"https:\/\/eterle.cz\/eshop\/wp-json\/wp\/v2\/product"}],"about":[{"href":"https:\/\/eterle.cz\/eshop\/wp-json\/wp\/v2\/types\/product"}],"version-history":[{"count":0,"href":"https:\/\/eterle.cz\/eshop\/wp-json\/wp\/v2\/product\/8098\/revisions"}],"wp:featuredmedia":[{"embeddable":true,"href":"https:\/\/eterle.cz\/eshop\/wp-json\/wp\/v2\/media\/8099"}],"wp:attachment":[{"href":"https:\/\/eterle.cz\/eshop\/wp-json\/wp\/v2\/media?parent=8098"}],"wp:term":[{"taxonomy":"product_brand","embeddable":true,"href":"https:\/\/eterle.cz\/eshop\/wp-json\/wp\/v2\/product_brand?post=8098"},{"taxonomy":"product_cat","embeddable":true,"href":"https:\/\/eterle.cz\/eshop\/wp-json\/wp\/v2\/product_cat?post=8098"},{"taxonomy":"product_tag","embeddable":true,"href":"https:\/\/eterle.cz\/eshop\/wp-json\/wp\/v2\/product_tag?post=8098"}],"curies":[{"name":"wp","href":"https:\/\/api.w.org\/{rel}","templated":true}]}}