{"id":8113,"date":"2021-12-10T10:34:56","date_gmt":"2021-12-10T09:34:56","guid":{"rendered":"https:\/\/eterle.cz\/eshop\/produkt\/kovovy-vesak\/"},"modified":"2025-08-26T00:21:49","modified_gmt":"2025-08-25T22:21:49","slug":"kovovy-vesak","status":"publish","type":"product","link":"https:\/\/eterle.cz\/eshop\/produkt\/kovovy-vesak\/","title":{"rendered":"Kovov\u00fd v\u011b\u0161\u00e1k"},"content":{"rendered":"<p>Neobvykl\u00fd kovov\u00fd v\u011b\u0161\u00e1k, pravd\u011bpodobn\u011b z 30. let nevhodn\u00fd na zav\u011b\u0161en\u00ed tch\u00fdn\u011b (tu neunese), ale bunda, kab\u00e1t \u010di kl\u00ed\u010de mu budou slu\u0161et.<\/p>\n<p>Stav: nov\u011b vyle\u0161t\u011bn\u00fd, ale je st\u00e1le si zachoval jsitou patinu<br \/>\nRozm\u011br<br \/>\nD\u00e9lka: 51 cm<br \/>\nHloubka: 26,5 cm<br \/>\nV\u00fd\u0161ka: 10 cm<\/p>\n","protected":false},"excerpt":{"rendered":"<p>Neobvykl\u00fd kovov\u00fd v\u011b\u0161\u00e1k, pravd\u011bpodobn\u011b z 30. let nevhodn\u00fd na zav\u011b\u0161en\u00ed tch\u00fdn\u011b (tu neunese), ale bunda, kab\u00e1t \u010di kl\u00ed\u010de mu budou<\/p>\n","protected":false},"featured_media":8114,"template":"","meta":[],"product_brand":[153],"product_cat":[91],"product_tag":[],"class_list":{"0":"post-8113","1":"product","2":"type-product","3":"status-publish","4":"has-post-thumbnail","6":"product_brand-eterle-cz","7":"product_cat-prodane","8":"product_shipping_class-nadrozmerne","10":"first","11":"outofstock","12":"purchasable","13":"product-type-simple"},"_links":{"self":[{"href":"https:\/\/eterle.cz\/eshop\/wp-json\/wp\/v2\/product\/8113","targetHints":{"allow":["GET"]}}],"collection":[{"href":"https:\/\/eterle.cz\/eshop\/wp-json\/wp\/v2\/product"}],"about":[{"href":"https:\/\/eterle.cz\/eshop\/wp-json\/wp\/v2\/types\/product"}],"version-history":[{"count":2,"href":"https:\/\/eterle.cz\/eshop\/wp-json\/wp\/v2\/product\/8113\/revisions"}],"predecessor-version":[{"id":26095,"href":"https:\/\/eterle.cz\/eshop\/wp-json\/wp\/v2\/product\/8113\/revisions\/26095"}],"wp:featuredmedia":[{"embeddable":true,"href":"https:\/\/eterle.cz\/eshop\/wp-json\/wp\/v2\/media\/8114"}],"wp:attachment":[{"href":"https:\/\/eterle.cz\/eshop\/wp-json\/wp\/v2\/media?parent=8113"}],"wp:term":[{"taxonomy":"product_brand","embeddable":true,"href":"https:\/\/eterle.cz\/eshop\/wp-json\/wp\/v2\/product_brand?post=8113"},{"taxonomy":"product_cat","embeddable":true,"href":"https:\/\/eterle.cz\/eshop\/wp-json\/wp\/v2\/product_cat?post=8113"},{"taxonomy":"product_tag","embeddable":true,"href":"https:\/\/eterle.cz\/eshop\/wp-json\/wp\/v2\/product_tag?post=8113"}],"curies":[{"name":"wp","href":"https:\/\/api.w.org\/{rel}","templated":true}]}}