{"id":8117,"date":"2021-12-10T10:35:02","date_gmt":"2021-12-10T09:35:02","guid":{"rendered":"https:\/\/eterle.cz\/eshop\/produkt\/kreslo-typ-c-po-renovaci-halabala\/"},"modified":"2025-02-16T03:03:35","modified_gmt":"2025-02-16T02:03:35","slug":"kreslo-typ-c-po-renovaci-halabala","status":"publish","type":"product","link":"https:\/\/eterle.cz\/eshop\/produkt\/kreslo-typ-c-po-renovaci-halabala\/","title":{"rendered":"K\u0159eslo typ C po renovaci \/ Halabala"},"content":{"rendered":"<p>K\u0159eslo navr\u017een\u00e9 architektem Jind\u0159ichem Halabalou v 50. letech minul\u00e9ho stolet\u00ed zn\u00e1m\u00e9 pod ozna\u010den\u00edm typ C. K\u0159eslo je po renovaci. Bukov\u00e9 podru\u010dky byly o\u0161krab\u00e1ny, namo\u0159eny a povrch o\u0161et\u0159en polyuretanov\u00fdm lakem. P\u016fvodn\u00ed pru\u017einov\u00fd ro\u0161t jsme zachovali, v\u00fdpl\u0148 byla obnovena, ale ponech\u00e1na p\u016fvodn\u00ed technologie, to znamen\u00e1 africk\u00e1 tr\u00e1va. L\u00e1tka ve vanilkov\u00e9 barv\u011b je od anglick\u00e9 firmy specializuj\u00edc\u00ed se na potahov\u00e9 l\u00e1tky.<\/p>\n<p>Stav: renovace d\u0159eva a nov\u00e9 \u010daloun\u011bn\u00ed<br \/>\nRozm\u011br<br \/>\nV\u00fd\u0161ka: 80 cm<br \/>\nV\u00fd\u0161ka sed\u00e1ku: 47 cm<br \/>\n\u0160\u00ed\u0159ka sed\u00e1ku: 53 cm<br \/>\nHloubka sed\u00e1ku: 48 cm<\/p>\n","protected":false},"excerpt":{"rendered":"<p>K\u0159eslo navr\u017een\u00e9 architektem Jind\u0159ichem Halabalou v 50. letech minul\u00e9ho stolet\u00ed zn\u00e1m\u00e9 pod ozna\u010den\u00edm typ C. K\u0159eslo je po renovaci. Bukov\u00e9<\/p>\n","protected":false},"featured_media":8118,"template":"","meta":[],"product_brand":[153],"product_cat":[91],"product_tag":[],"class_list":{"0":"post-8117","1":"product","2":"type-product","3":"status-publish","4":"has-post-thumbnail","6":"product_brand-eterle-cz","7":"product_cat-prodane","8":"product_shipping_class-nadrozmerne","10":"first","11":"outofstock","12":"purchasable","13":"product-type-simple"},"_links":{"self":[{"href":"https:\/\/eterle.cz\/eshop\/wp-json\/wp\/v2\/product\/8117","targetHints":{"allow":["GET"]}}],"collection":[{"href":"https:\/\/eterle.cz\/eshop\/wp-json\/wp\/v2\/product"}],"about":[{"href":"https:\/\/eterle.cz\/eshop\/wp-json\/wp\/v2\/types\/product"}],"version-history":[{"count":1,"href":"https:\/\/eterle.cz\/eshop\/wp-json\/wp\/v2\/product\/8117\/revisions"}],"predecessor-version":[{"id":18768,"href":"https:\/\/eterle.cz\/eshop\/wp-json\/wp\/v2\/product\/8117\/revisions\/18768"}],"wp:featuredmedia":[{"embeddable":true,"href":"https:\/\/eterle.cz\/eshop\/wp-json\/wp\/v2\/media\/8118"}],"wp:attachment":[{"href":"https:\/\/eterle.cz\/eshop\/wp-json\/wp\/v2\/media?parent=8117"}],"wp:term":[{"taxonomy":"product_brand","embeddable":true,"href":"https:\/\/eterle.cz\/eshop\/wp-json\/wp\/v2\/product_brand?post=8117"},{"taxonomy":"product_cat","embeddable":true,"href":"https:\/\/eterle.cz\/eshop\/wp-json\/wp\/v2\/product_cat?post=8117"},{"taxonomy":"product_tag","embeddable":true,"href":"https:\/\/eterle.cz\/eshop\/wp-json\/wp\/v2\/product_tag?post=8117"}],"curies":[{"name":"wp","href":"https:\/\/api.w.org\/{rel}","templated":true}]}}