{"id":8125,"date":"2021-12-10T10:35:15","date_gmt":"2021-12-10T09:35:15","guid":{"rendered":"https:\/\/eterle.cz\/eshop\/produkt\/konferencni-stolek-zeleny-vyplet-drevopodnik\/"},"modified":"2025-02-16T03:03:35","modified_gmt":"2025-02-16T02:03:35","slug":"konferencni-stolek-zeleny-vyplet-drevopodnik","status":"publish","type":"product","link":"https:\/\/eterle.cz\/eshop\/produkt\/konferencni-stolek-zeleny-vyplet-drevopodnik\/","title":{"rendered":"Konferen\u010dn\u00ed stolek (zelen\u00fd v\u00fdplet) \/ D\u0159evopodnik"},"content":{"rendered":"<p>Stolek z 60. let v proveden\u00ed sv\u011btl\u00fd dub (d\u00fdha) slou\u017eil jako televizn\u00ed st\u016fl. Je v kr\u00e1sn\u00e9m stavu a bude se hodit jako konferen\u010dn\u00ed \u010di odkl\u00e1dac\u00ed stolek. Doln\u00ed poli\u010dka je tvo\u0159ena v\u00fdpletem v zelen\u00e9 barv\u011b. Preferujete-li jinou barevnost, m\u00e1me je je\u0161t\u011b v proveden\u00ed s \u010derven\u00fdm v\u00fdpletem.<\/p>\n<p>Stav: kr\u00e1sn\u00fd p\u016fvodn\u00ed stav<br \/>\nZna\u010dka: D\u0159evopodnik Hole\u0161ov<br \/>\nRozm\u011br<br \/>\nV\u00fd\u0161ka: 66 cm<br \/>\nD\u00e9lka: 75,5 cm<br \/>\nHloubka: 55 cm<\/p>\n","protected":false},"excerpt":{"rendered":"<p>Stolek z 60. let v proveden\u00ed sv\u011btl\u00fd dub (d\u00fdha) slou\u017eil jako televizn\u00ed st\u016fl. Je v kr\u00e1sn\u00e9m stavu a bude se<\/p>\n","protected":false},"featured_media":8126,"template":"","meta":[],"product_brand":[153],"product_cat":[91],"product_tag":[],"class_list":{"0":"post-8125","1":"product","2":"type-product","3":"status-publish","4":"has-post-thumbnail","6":"product_brand-eterle-cz","7":"product_cat-prodane","8":"product_shipping_class-nadrozmerne","10":"first","11":"outofstock","12":"purchasable","13":"product-type-simple"},"_links":{"self":[{"href":"https:\/\/eterle.cz\/eshop\/wp-json\/wp\/v2\/product\/8125","targetHints":{"allow":["GET"]}}],"collection":[{"href":"https:\/\/eterle.cz\/eshop\/wp-json\/wp\/v2\/product"}],"about":[{"href":"https:\/\/eterle.cz\/eshop\/wp-json\/wp\/v2\/types\/product"}],"version-history":[{"count":0,"href":"https:\/\/eterle.cz\/eshop\/wp-json\/wp\/v2\/product\/8125\/revisions"}],"wp:featuredmedia":[{"embeddable":true,"href":"https:\/\/eterle.cz\/eshop\/wp-json\/wp\/v2\/media\/8126"}],"wp:attachment":[{"href":"https:\/\/eterle.cz\/eshop\/wp-json\/wp\/v2\/media?parent=8125"}],"wp:term":[{"taxonomy":"product_brand","embeddable":true,"href":"https:\/\/eterle.cz\/eshop\/wp-json\/wp\/v2\/product_brand?post=8125"},{"taxonomy":"product_cat","embeddable":true,"href":"https:\/\/eterle.cz\/eshop\/wp-json\/wp\/v2\/product_cat?post=8125"},{"taxonomy":"product_tag","embeddable":true,"href":"https:\/\/eterle.cz\/eshop\/wp-json\/wp\/v2\/product_tag?post=8125"}],"curies":[{"name":"wp","href":"https:\/\/api.w.org\/{rel}","templated":true}]}}