{"id":8136,"date":"2021-12-10T10:35:32","date_gmt":"2021-12-10T09:35:32","guid":{"rendered":"https:\/\/eterle.cz\/eshop\/produkt\/konferencni-stolek-brusel\/"},"modified":"2025-02-16T03:03:34","modified_gmt":"2025-02-16T02:03:34","slug":"konferencni-stolek-brusel","status":"publish","type":"product","link":"https:\/\/eterle.cz\/eshop\/produkt\/konferencni-stolek-brusel\/","title":{"rendered":"Konferen\u010dn\u00ed stolek \/ Brusel"},"content":{"rendered":"<p>Konferen\u010dn\u00ed stolek z 60. let m\u00e1 zaj\u00edmavou toj\u00faheln\u00edkovou desku se zakulacen\u00fdmi rohy a vlo\u017eenou spodn\u00ed odkl\u00e1dac\u00ed plochu. Je po renovaci a drobn\u00e9 nedostatky po chyb\u011bj\u00edc\u00ed d\u00fdze jsou vyfoceny. Stolek je minimalistick\u00fd, ale velmi zaj\u00edmav\u00fd jak tvarem, tak doln\u00ed poli\u010dkou, kterou prostupuj\u00ed nohy.<\/p>\n<p>Stav: po renovaci<br \/>\nRozm\u011br<br \/>\nV\u00fd\u0161ka: 62,5 cm<br \/>\nPr\u016fm\u011br: 70 cm<\/p>\n","protected":false},"excerpt":{"rendered":"<p>Konferen\u010dn\u00ed stolek z 60. let m\u00e1 zaj\u00edmavou toj\u00faheln\u00edkovou desku se zakulacen\u00fdmi rohy a vlo\u017eenou spodn\u00ed odkl\u00e1dac\u00ed plochu. Je po renovaci<\/p>\n","protected":false},"featured_media":8137,"template":"","meta":[],"product_brand":[153],"product_cat":[91],"product_tag":[],"class_list":{"0":"post-8136","1":"product","2":"type-product","3":"status-publish","4":"has-post-thumbnail","6":"product_brand-eterle-cz","7":"product_cat-prodane","8":"product_shipping_class-nadrozmerne","10":"first","11":"outofstock","12":"purchasable","13":"product-type-simple"},"_links":{"self":[{"href":"https:\/\/eterle.cz\/eshop\/wp-json\/wp\/v2\/product\/8136","targetHints":{"allow":["GET"]}}],"collection":[{"href":"https:\/\/eterle.cz\/eshop\/wp-json\/wp\/v2\/product"}],"about":[{"href":"https:\/\/eterle.cz\/eshop\/wp-json\/wp\/v2\/types\/product"}],"version-history":[{"count":0,"href":"https:\/\/eterle.cz\/eshop\/wp-json\/wp\/v2\/product\/8136\/revisions"}],"wp:featuredmedia":[{"embeddable":true,"href":"https:\/\/eterle.cz\/eshop\/wp-json\/wp\/v2\/media\/8137"}],"wp:attachment":[{"href":"https:\/\/eterle.cz\/eshop\/wp-json\/wp\/v2\/media?parent=8136"}],"wp:term":[{"taxonomy":"product_brand","embeddable":true,"href":"https:\/\/eterle.cz\/eshop\/wp-json\/wp\/v2\/product_brand?post=8136"},{"taxonomy":"product_cat","embeddable":true,"href":"https:\/\/eterle.cz\/eshop\/wp-json\/wp\/v2\/product_cat?post=8136"},{"taxonomy":"product_tag","embeddable":true,"href":"https:\/\/eterle.cz\/eshop\/wp-json\/wp\/v2\/product_tag?post=8136"}],"curies":[{"name":"wp","href":"https:\/\/api.w.org\/{rel}","templated":true}]}}