{"id":8142,"date":"2021-12-10T10:35:42","date_gmt":"2021-12-10T09:35:42","guid":{"rendered":"https:\/\/eterle.cz\/eshop\/produkt\/cajova-sada-thomas\/"},"modified":"2025-02-16T03:03:34","modified_gmt":"2025-02-16T02:03:34","slug":"cajova-sada-thomas","status":"publish","type":"product","link":"https:\/\/eterle.cz\/eshop\/produkt\/cajova-sada-thomas\/","title":{"rendered":"\u010cajov\u00e1 sada \/ Thomas"},"content":{"rendered":"<p>N\u00e1dhern\u00e1 \u010dajov\u00e1 sada ve stylu art deca od n\u011bmeck\u00e9 porcel\u00e1nky Thomas, kter\u00e1 spad\u00e1 do skupiny Rosenthal. Zam\u011b\u0159uje se p\u0159edev\u0161\u00edm na jednoduch\u00fd stylov\u00fd porcel\u00e1n pro mlad\u00e9. I tato \u010dajov\u00e1 souprava odr\u00e1\u017e\u00ed synonima zna\u010dky, kter\u00fdmi jsou mladistvost, sou\u010dastnost a \u010distota designu. Ostr\u00fdmi tvary p\u016fsob\u00ed modern\u011b, zlat\u00fd decentn\u00ed prou\u017eek ji dod\u00e1v\u00e1 na sv\u00e1te\u010dnosti a b\u00edl\u00e1 barva zase na eleganci. Sada  obsahuje konvici na \u010daj, cuk\u0159enku, ml\u00e9kovku a 6 hrne\u010dk\u016f s pod\u0161\u00e1lkem.<\/p>\n<p>Stav: perfektn\u00ed<br \/>\nZna\u010dka: Thomas<br \/>\nRozm\u011br<br \/>\nObjem konvice: 1,5 l<br \/>\nObjem cuk\u0159enky: 250 ml<br \/>\nObjem hrne\u010dk\u016f: 200 ml<br \/>\nTal\u00ed\u0159ek pr\u016fm\u011br: 15 cm<\/p>\n","protected":false},"excerpt":{"rendered":"<p>N\u00e1dhern\u00e1 \u010dajov\u00e1 sada ve stylu art deca od n\u011bmeck\u00e9 porcel\u00e1nky Thomas, kter\u00e1 spad\u00e1 do skupiny Rosenthal. Zam\u011b\u0159uje se p\u0159edev\u0161\u00edm na<\/p>\n","protected":false},"featured_media":8143,"template":"","meta":[],"product_brand":[153],"product_cat":[91],"product_tag":[],"class_list":{"0":"post-8142","1":"product","2":"type-product","3":"status-publish","4":"has-post-thumbnail","6":"product_brand-eterle-cz","7":"product_cat-prodane","9":"first","10":"outofstock","11":"purchasable","12":"product-type-simple"},"_links":{"self":[{"href":"https:\/\/eterle.cz\/eshop\/wp-json\/wp\/v2\/product\/8142","targetHints":{"allow":["GET"]}}],"collection":[{"href":"https:\/\/eterle.cz\/eshop\/wp-json\/wp\/v2\/product"}],"about":[{"href":"https:\/\/eterle.cz\/eshop\/wp-json\/wp\/v2\/types\/product"}],"version-history":[{"count":0,"href":"https:\/\/eterle.cz\/eshop\/wp-json\/wp\/v2\/product\/8142\/revisions"}],"wp:featuredmedia":[{"embeddable":true,"href":"https:\/\/eterle.cz\/eshop\/wp-json\/wp\/v2\/media\/8143"}],"wp:attachment":[{"href":"https:\/\/eterle.cz\/eshop\/wp-json\/wp\/v2\/media?parent=8142"}],"wp:term":[{"taxonomy":"product_brand","embeddable":true,"href":"https:\/\/eterle.cz\/eshop\/wp-json\/wp\/v2\/product_brand?post=8142"},{"taxonomy":"product_cat","embeddable":true,"href":"https:\/\/eterle.cz\/eshop\/wp-json\/wp\/v2\/product_cat?post=8142"},{"taxonomy":"product_tag","embeddable":true,"href":"https:\/\/eterle.cz\/eshop\/wp-json\/wp\/v2\/product_tag?post=8142"}],"curies":[{"name":"wp","href":"https:\/\/api.w.org\/{rel}","templated":true}]}}