{"id":8150,"date":"2021-12-10T10:35:57","date_gmt":"2021-12-10T09:35:57","guid":{"rendered":"https:\/\/eterle.cz\/eshop\/produkt\/cajova-sada-czechoslovakia\/"},"modified":"2025-02-16T03:03:33","modified_gmt":"2025-02-16T02:03:33","slug":"cajova-sada-czechoslovakia","status":"publish","type":"product","link":"https:\/\/eterle.cz\/eshop\/produkt\/cajova-sada-czechoslovakia\/","title":{"rendered":"\u010cajov\u00e1 sada \/ Czechoslovakia"},"content":{"rendered":"<p>\u010cajov\u00e1 souprava v obl\u00edben\u00e9 modro-b\u00edl\u00e9 kombinaci je zdobenena podglazurn\u00edm modr\u00fdm kobaltov\u00fdm dekorem r\u016f\u017e\u00ed. Pro \u010dty\u0159\u010dlenou rodinu akor\u00e1t na odpoledn\u00ed \u010daj. Sada obsahuje konvici na \u010daj, ml\u00e9kovku a 4 hrne\u010dky s pod\u0161\u00e1lkem.<\/p>\n<p>Stav: perfektn\u00ed<br \/>\nZna\u010dka: z\u00e1vod Nov\u00e1 Role (d\u0159\u00edve s n\u00e1zvem &#8222;Keramick\u00e9 z\u00e1vody a.s. Bohemia&#8220;), made in Czechoslovakia &#8211; Cobalt Underglazed<br \/>\nRozm\u011br<br \/>\nObjem konvice: 1,250 l<br \/>\nObjem ml\u00e9kovky: 320 ml<br \/>\nObjem hrne\u010dk\u016f: 200 ml<br \/>\nTal\u00ed\u0159ek pr\u016fmer &#8211; 15 cm<\/p>\n","protected":false},"excerpt":{"rendered":"<p>\u010cajov\u00e1 souprava v obl\u00edben\u00e9 modro-b\u00edl\u00e9 kombinaci je zdobenena podglazurn\u00edm modr\u00fdm kobaltov\u00fdm dekorem r\u016f\u017e\u00ed. Pro \u010dty\u0159\u010dlenou rodinu akor\u00e1t na odpoledn\u00ed \u010daj.<\/p>\n","protected":false},"featured_media":8151,"template":"","meta":[],"product_brand":[153],"product_cat":[91],"product_tag":[],"class_list":{"0":"post-8150","1":"product","2":"type-product","3":"status-publish","4":"has-post-thumbnail","6":"product_brand-eterle-cz","7":"product_cat-prodane","9":"first","10":"outofstock","11":"purchasable","12":"product-type-simple"},"_links":{"self":[{"href":"https:\/\/eterle.cz\/eshop\/wp-json\/wp\/v2\/product\/8150","targetHints":{"allow":["GET"]}}],"collection":[{"href":"https:\/\/eterle.cz\/eshop\/wp-json\/wp\/v2\/product"}],"about":[{"href":"https:\/\/eterle.cz\/eshop\/wp-json\/wp\/v2\/types\/product"}],"version-history":[{"count":0,"href":"https:\/\/eterle.cz\/eshop\/wp-json\/wp\/v2\/product\/8150\/revisions"}],"wp:featuredmedia":[{"embeddable":true,"href":"https:\/\/eterle.cz\/eshop\/wp-json\/wp\/v2\/media\/8151"}],"wp:attachment":[{"href":"https:\/\/eterle.cz\/eshop\/wp-json\/wp\/v2\/media?parent=8150"}],"wp:term":[{"taxonomy":"product_brand","embeddable":true,"href":"https:\/\/eterle.cz\/eshop\/wp-json\/wp\/v2\/product_brand?post=8150"},{"taxonomy":"product_cat","embeddable":true,"href":"https:\/\/eterle.cz\/eshop\/wp-json\/wp\/v2\/product_cat?post=8150"},{"taxonomy":"product_tag","embeddable":true,"href":"https:\/\/eterle.cz\/eshop\/wp-json\/wp\/v2\/product_tag?post=8150"}],"curies":[{"name":"wp","href":"https:\/\/api.w.org\/{rel}","templated":true}]}}