{"id":8155,"date":"2021-12-10T10:36:06","date_gmt":"2021-12-10T09:36:06","guid":{"rendered":"https:\/\/eterle.cz\/eshop\/produkt\/cajova-sada-mcp-czechoslovakia\/"},"modified":"2025-02-16T03:03:33","modified_gmt":"2025-02-16T02:03:33","slug":"cajova-sada-mcp-czechoslovakia","status":"publish","type":"product","link":"https:\/\/eterle.cz\/eshop\/produkt\/cajova-sada-mcp-czechoslovakia\/","title":{"rendered":"\u010cajov\u00e1 sada \/ MCP Czechoslovakia"},"content":{"rendered":"<p>Tato \u010dajov\u00e1 sada s fialkami padne do oka n\u011bkomu, kdo m\u00e1 r\u00e1d zdobn\u011bj\u0161\u00ed tvary a neboj\u00ed se barev. Dle zna\u010den\u00ed se jedn\u00e1 o porcel\u00e1nku IS Maier+Co Poshetzau,\u010cesko &#8211; Bo\u017ei\u010dany a konkr\u00e9tn\u011b tato zna\u010dka se pou\u017e\u00edvala v letech 1919-1939. \u010cajov\u00e1 souprava obsahuje velkou ml\u00e9kovku, 2 hrne\u010dky s pod\u0161\u00e1lkem a cuk\u0159enku. Konvi\u010dka se ji\u017e bohu\u017eel nedochovala v dobr\u00e9m stavu, ale hrne\u010dky jsou dost velk\u00e9, tak\u017ee vysta\u010d\u00ed k sn\u00eddani i jeden pln\u00fd \u0161\u00e1lek. Ml\u00e9kovka je dosti velk\u00e1, tak\u017ee se d\u00e1 vyu\u017e\u00edt i jako v\u00e1zi\u010dka.<\/p>\n<p>Stav: v\u00fdborn\u00fd, jen zlat\u00e1 linka je m\u00edsty ji\u017e set\u0159en\u00e1na kr\u00e1se to ale nijak neub\u00edr\u00e1, jen to dod\u00e1v\u00e1 hezkou patinu<br \/>\nZna\u010dka: MCP Czechoslovakia<br \/>\nRozm\u011br<br \/>\nObjem hrne\u010dk\u016f: 250 ml<br \/>\nObjem ml\u00e9kovky: 600 ml<br \/>\nObjem cuk\u0159enky: 500 ml<\/p>\n","protected":false},"excerpt":{"rendered":"<p>Tato \u010dajov\u00e1 sada s fialkami padne do oka n\u011bkomu, kdo m\u00e1 r\u00e1d zdobn\u011bj\u0161\u00ed tvary a neboj\u00ed se barev. Dle zna\u010den\u00ed<\/p>\n","protected":false},"featured_media":8156,"template":"","meta":[],"product_brand":[153],"product_cat":[91],"product_tag":[],"class_list":{"0":"post-8155","1":"product","2":"type-product","3":"status-publish","4":"has-post-thumbnail","6":"product_brand-eterle-cz","7":"product_cat-prodane","9":"first","10":"outofstock","11":"purchasable","12":"product-type-simple"},"_links":{"self":[{"href":"https:\/\/eterle.cz\/eshop\/wp-json\/wp\/v2\/product\/8155","targetHints":{"allow":["GET"]}}],"collection":[{"href":"https:\/\/eterle.cz\/eshop\/wp-json\/wp\/v2\/product"}],"about":[{"href":"https:\/\/eterle.cz\/eshop\/wp-json\/wp\/v2\/types\/product"}],"version-history":[{"count":0,"href":"https:\/\/eterle.cz\/eshop\/wp-json\/wp\/v2\/product\/8155\/revisions"}],"wp:featuredmedia":[{"embeddable":true,"href":"https:\/\/eterle.cz\/eshop\/wp-json\/wp\/v2\/media\/8156"}],"wp:attachment":[{"href":"https:\/\/eterle.cz\/eshop\/wp-json\/wp\/v2\/media?parent=8155"}],"wp:term":[{"taxonomy":"product_brand","embeddable":true,"href":"https:\/\/eterle.cz\/eshop\/wp-json\/wp\/v2\/product_brand?post=8155"},{"taxonomy":"product_cat","embeddable":true,"href":"https:\/\/eterle.cz\/eshop\/wp-json\/wp\/v2\/product_cat?post=8155"},{"taxonomy":"product_tag","embeddable":true,"href":"https:\/\/eterle.cz\/eshop\/wp-json\/wp\/v2\/product_tag?post=8155"}],"curies":[{"name":"wp","href":"https:\/\/api.w.org\/{rel}","templated":true}]}}