{"id":8167,"date":"2021-12-10T10:36:27","date_gmt":"2021-12-10T09:36:27","guid":{"rendered":"https:\/\/eterle.cz\/eshop\/produkt\/sapo-wawel\/"},"modified":"2025-02-16T03:03:32","modified_gmt":"2025-02-16T02:03:32","slug":"sapo-wawel","status":"publish","type":"product","link":"https:\/\/eterle.cz\/eshop\/produkt\/sapo-wawel\/","title":{"rendered":"\u0160apo \/ Wawel"},"content":{"rendered":"<p>Op\u011bt zde m\u00e1me jeden motiv fialek. Velmi zdobn\u00fd hrne\u010dek, kter\u00fd v sob\u011b skr\u00fdv\u00e1 snad v\u0161echny mo\u017en\u00e9 zp\u016fsoby dekoru. Atipick\u00fd tvar, tvarovan\u00e9 ou\u0161ko, zlat\u00e9 zdoben\u00ed vn\u011b a dokonce i uvnit\u0159 hrne\u010dku, reliefn\u00ed dekor a nav\u00edc barevn\u00fd motiv fialek. Jste-li zast\u00e1nci hesla &#8222;\u010d\u00edm v\u00edc, t\u00edm l\u00edp&#8220; (nicm\u00e9n\u011b s vkusem), na\u0161li jste ten prav\u00fd hrne\u010dek na \u010daj.<\/p>\n<p>Stav:tal\u00ed\u0159ek perfektn\u00ed, \u0161\u00e1lek jeden m\u00e1 m\u00edsty chyb\u011bj\u00edc\u00ed zlatou linku a druh\u00fd je perfektn\u00ed<br \/>\nZna\u010dka: Wawal, Poland<br \/>\nRozm\u011br<br \/>\nObjem: 160 ml<br \/>\nTal\u00ed\u0159ek pr\u016fm\u011br: 17,5 cm<\/p>\n","protected":false},"excerpt":{"rendered":"<p>Op\u011bt zde m\u00e1me jeden motiv fialek. Velmi zdobn\u00fd hrne\u010dek, kter\u00fd v sob\u011b skr\u00fdv\u00e1 snad v\u0161echny mo\u017en\u00e9 zp\u016fsoby dekoru. Atipick\u00fd tvar,<\/p>\n","protected":false},"featured_media":8168,"template":"","meta":[],"product_brand":[153],"product_cat":[91],"product_tag":[],"class_list":{"0":"post-8167","1":"product","2":"type-product","3":"status-publish","4":"has-post-thumbnail","6":"product_brand-eterle-cz","7":"product_cat-prodane","9":"first","10":"outofstock","11":"purchasable","12":"product-type-simple"},"_links":{"self":[{"href":"https:\/\/eterle.cz\/eshop\/wp-json\/wp\/v2\/product\/8167","targetHints":{"allow":["GET"]}}],"collection":[{"href":"https:\/\/eterle.cz\/eshop\/wp-json\/wp\/v2\/product"}],"about":[{"href":"https:\/\/eterle.cz\/eshop\/wp-json\/wp\/v2\/types\/product"}],"version-history":[{"count":0,"href":"https:\/\/eterle.cz\/eshop\/wp-json\/wp\/v2\/product\/8167\/revisions"}],"wp:featuredmedia":[{"embeddable":true,"href":"https:\/\/eterle.cz\/eshop\/wp-json\/wp\/v2\/media\/8168"}],"wp:attachment":[{"href":"https:\/\/eterle.cz\/eshop\/wp-json\/wp\/v2\/media?parent=8167"}],"wp:term":[{"taxonomy":"product_brand","embeddable":true,"href":"https:\/\/eterle.cz\/eshop\/wp-json\/wp\/v2\/product_brand?post=8167"},{"taxonomy":"product_cat","embeddable":true,"href":"https:\/\/eterle.cz\/eshop\/wp-json\/wp\/v2\/product_cat?post=8167"},{"taxonomy":"product_tag","embeddable":true,"href":"https:\/\/eterle.cz\/eshop\/wp-json\/wp\/v2\/product_tag?post=8167"}],"curies":[{"name":"wp","href":"https:\/\/api.w.org\/{rel}","templated":true}]}}