{"id":8176,"date":"2021-12-10T10:36:42","date_gmt":"2021-12-10T09:36:42","guid":{"rendered":"https:\/\/eterle.cz\/eshop\/produkt\/hrnecek-na-caj-anglie\/"},"modified":"2025-02-16T03:03:32","modified_gmt":"2025-02-16T02:03:32","slug":"hrnecek-na-caj-anglie","status":"publish","type":"product","link":"https:\/\/eterle.cz\/eshop\/produkt\/hrnecek-na-caj-anglie\/","title":{"rendered":"Hrne\u010dek na \u010daj \/ Anglie"},"content":{"rendered":"<p>Hrne\u010dek z \u0159ady anglick\u00e9ho porcel\u00e1nu je z tlust\u00e9ho st\u0159epu v barv\u011b slonov\u00e9 kosti. Je r\u016f\u017eov\u011b dekorov\u00e1n v\u00fdjevem venkova s ko\u0148mi.<\/p>\n<p>Stav: perfektn\u00ed<br \/>\nZna\u010dka: England<br \/>\nRozm\u011br<br \/>\nObjem: 220 ml<\/p>\n","protected":false},"excerpt":{"rendered":"<p>Hrne\u010dek z \u0159ady anglick\u00e9ho porcel\u00e1nu je z tlust\u00e9ho st\u0159epu v barv\u011b slonov\u00e9 kosti. Je r\u016f\u017eov\u011b dekorov\u00e1n v\u00fdjevem venkova s ko\u0148mi.<\/p>\n","protected":false},"featured_media":8177,"template":"","meta":[],"product_brand":[153],"product_cat":[91],"product_tag":[],"class_list":{"0":"post-8176","1":"product","2":"type-product","3":"status-publish","4":"has-post-thumbnail","6":"product_brand-eterle-cz","7":"product_cat-prodane","9":"first","10":"outofstock","11":"purchasable","12":"product-type-simple"},"_links":{"self":[{"href":"https:\/\/eterle.cz\/eshop\/wp-json\/wp\/v2\/product\/8176","targetHints":{"allow":["GET"]}}],"collection":[{"href":"https:\/\/eterle.cz\/eshop\/wp-json\/wp\/v2\/product"}],"about":[{"href":"https:\/\/eterle.cz\/eshop\/wp-json\/wp\/v2\/types\/product"}],"version-history":[{"count":0,"href":"https:\/\/eterle.cz\/eshop\/wp-json\/wp\/v2\/product\/8176\/revisions"}],"wp:featuredmedia":[{"embeddable":true,"href":"https:\/\/eterle.cz\/eshop\/wp-json\/wp\/v2\/media\/8177"}],"wp:attachment":[{"href":"https:\/\/eterle.cz\/eshop\/wp-json\/wp\/v2\/media?parent=8176"}],"wp:term":[{"taxonomy":"product_brand","embeddable":true,"href":"https:\/\/eterle.cz\/eshop\/wp-json\/wp\/v2\/product_brand?post=8176"},{"taxonomy":"product_cat","embeddable":true,"href":"https:\/\/eterle.cz\/eshop\/wp-json\/wp\/v2\/product_cat?post=8176"},{"taxonomy":"product_tag","embeddable":true,"href":"https:\/\/eterle.cz\/eshop\/wp-json\/wp\/v2\/product_tag?post=8176"}],"curies":[{"name":"wp","href":"https:\/\/api.w.org\/{rel}","templated":true}]}}