{"id":8183,"date":"2021-12-10T10:36:52","date_gmt":"2021-12-10T09:36:52","guid":{"rendered":"https:\/\/eterle.cz\/eshop\/produkt\/miska-anglie\/"},"modified":"2025-02-16T03:03:31","modified_gmt":"2025-02-16T02:03:31","slug":"miska-anglie","status":"publish","type":"product","link":"https:\/\/eterle.cz\/eshop\/produkt\/miska-anglie\/","title":{"rendered":"Miska \/ Anglie"},"content":{"rendered":"<p>Ru\u010dn\u011b malovan\u00e1 miska obl\u00edben\u00e9ho anglick\u00e9ho porcel\u00e1nu je z tlust\u00e9ho st\u0159epu v barv\u011b slonov\u00e9 kosti. Jak u\u017e b\u00fdv\u00e1 u tohoto druhu porcel\u00e1nu zvykem, i zde se nach\u00e1z\u00ed motiv anglick\u00e9ho venkova kon\u011b na poli.<\/p>\n<p>Stav: perfektn\u00ed<br \/>\nZna\u010dka: England<br \/>\nRozm\u011br<br \/>\nObjem: 300 ml<br \/>\nPr\u016fm\u011br: 16,5 cm<\/p>\n","protected":false},"excerpt":{"rendered":"<p>Ru\u010dn\u011b malovan\u00e1 miska obl\u00edben\u00e9ho anglick\u00e9ho porcel\u00e1nu je z tlust\u00e9ho st\u0159epu v barv\u011b slonov\u00e9 kosti. Jak u\u017e b\u00fdv\u00e1 u tohoto druhu<\/p>\n","protected":false},"featured_media":8184,"template":"","meta":[],"product_brand":[153],"product_cat":[91],"product_tag":[],"class_list":{"0":"post-8183","1":"product","2":"type-product","3":"status-publish","4":"has-post-thumbnail","6":"product_brand-eterle-cz","7":"product_cat-prodane","9":"first","10":"outofstock","11":"purchasable","12":"product-type-simple"},"_links":{"self":[{"href":"https:\/\/eterle.cz\/eshop\/wp-json\/wp\/v2\/product\/8183","targetHints":{"allow":["GET"]}}],"collection":[{"href":"https:\/\/eterle.cz\/eshop\/wp-json\/wp\/v2\/product"}],"about":[{"href":"https:\/\/eterle.cz\/eshop\/wp-json\/wp\/v2\/types\/product"}],"version-history":[{"count":0,"href":"https:\/\/eterle.cz\/eshop\/wp-json\/wp\/v2\/product\/8183\/revisions"}],"wp:featuredmedia":[{"embeddable":true,"href":"https:\/\/eterle.cz\/eshop\/wp-json\/wp\/v2\/media\/8184"}],"wp:attachment":[{"href":"https:\/\/eterle.cz\/eshop\/wp-json\/wp\/v2\/media?parent=8183"}],"wp:term":[{"taxonomy":"product_brand","embeddable":true,"href":"https:\/\/eterle.cz\/eshop\/wp-json\/wp\/v2\/product_brand?post=8183"},{"taxonomy":"product_cat","embeddable":true,"href":"https:\/\/eterle.cz\/eshop\/wp-json\/wp\/v2\/product_cat?post=8183"},{"taxonomy":"product_tag","embeddable":true,"href":"https:\/\/eterle.cz\/eshop\/wp-json\/wp\/v2\/product_tag?post=8183"}],"curies":[{"name":"wp","href":"https:\/\/api.w.org\/{rel}","templated":true}]}}